{"id":1528,"date":"2024-07-29T11:43:30","date_gmt":"2024-07-29T10:43:30","guid":{"rendered":"https:\/\/preprod.i-veo.com\/politica-de-privacidade\/"},"modified":"2025-08-05T14:06:24","modified_gmt":"2025-08-05T13:06:24","slug":"politica-de-privacidade","status":"publish","type":"page","link":"https:\/\/i-veo.com\/pt-pt\/politica-de-privacidade\/","title":{"rendered":"Pol\u00edtica de privacidade"},"content":{"rendered":"\t\t<div data-elementor-type=\"wp-page\" data-elementor-id=\"1528\" class=\"elementor elementor-1528 elementor-3\" data-elementor-post-type=\"page\">\n\t\t\t\t<div class=\"elementor-element elementor-element-f44edf4 e-con-full e-flex e-con e-parent\" data-id=\"f44edf4\" data-element_type=\"container\" data-settings=\"{&quot;background_background&quot;:&quot;classic&quot;}\">\n\t\t<div class=\"elementor-element elementor-element-c23f806 e-flex e-con-boxed e-con e-child\" data-id=\"c23f806\" data-element_type=\"container\" data-settings=\"{&quot;background_background&quot;:&quot;classic&quot;}\">\n\t\t\t\t\t<div class=\"e-con-inner\">\n\t\t\t\t<div class=\"elementor-element elementor-element-d00dc42 elementor-widget__width-inherit elementor-invisible elementor-widget elementor-widget-heading\" data-id=\"d00dc42\" data-element_type=\"widget\" data-settings=\"{&quot;_animation&quot;:&quot;fadeIn&quot;}\" data-widget_type=\"heading.default\">\n\t\t\t\t<div class=\"elementor-widget-container\">\n\t\t\t\t\t<h2 class=\"elementor-heading-title elementor-size-default\">Pol\u00edtica de privacidade<\/h2>\t\t\t\t<\/div>\n\t\t\t\t<\/div>\n\t\t\t\t<div class=\"elementor-element elementor-element-6462ece elementor-icon-list--layout-inline elementor-align-left elementor-list-item-link-full_width elementor-invisible elementor-widget elementor-widget-icon-list\" data-id=\"6462ece\" data-element_type=\"widget\" data-settings=\"{&quot;_animation&quot;:&quot;fadeIn&quot;,&quot;_animation_delay&quot;:200}\" data-widget_type=\"icon-list.default\">\n\t\t\t\t<div class=\"elementor-widget-container\">\n\t\t\t\t\t\t\t<ul class=\"elementor-icon-list-items elementor-inline-items\">\n\t\t\t\t\t\t\t<li class=\"elementor-icon-list-item elementor-inline-item\">\n\t\t\t\t\t\t\t\t\t\t\t<a href=\"#\">\n\n\t\t\t\t\t\t\t\t\t\t\t<span class=\"elementor-icon-list-text\">Casa<\/span>\n\t\t\t\t\t\t\t\t\t\t\t<\/a>\n\t\t\t\t\t\t\t\t\t<\/li>\n\t\t\t\t\t\t\t\t<li class=\"elementor-icon-list-item elementor-inline-item\">\n\t\t\t\t\t\t\t\t\t\t\t<a href=\"#\">\n\n\t\t\t\t\t\t\t\t\t\t\t\t<span class=\"elementor-icon-list-icon\">\n\t\t\t\t\t\t\t<i aria-hidden=\"true\" class=\"icon icon-arrow-right\"><\/i>\t\t\t\t\t\t<\/span>\n\t\t\t\t\t\t\t\t\t\t<span class=\"elementor-icon-list-text\">Pol\u00edtica de privacidade<\/span>\n\t\t\t\t\t\t\t\t\t\t\t<\/a>\n\t\t\t\t\t\t\t\t\t<\/li>\n\t\t\t\t\t\t<\/ul>\n\t\t\t\t\t\t<\/div>\n\t\t\t\t<\/div>\n\t\t\t\t\t<\/div>\n\t\t\t\t<\/div>\n\t\t\t\t<\/div>\n\t\t<div class=\"elementor-element elementor-element-1f6fec26 e-flex e-con-boxed e-con e-parent\" data-id=\"1f6fec26\" data-element_type=\"container\">\n\t\t\t\t\t<div class=\"e-con-inner\">\n\t\t\t\t<div class=\"elementor-element elementor-element-d73fa9b elementor-widget elementor-widget-text-editor\" data-id=\"d73fa9b\" data-element_type=\"widget\" data-widget_type=\"text-editor.default\">\n\t\t\t\t<div class=\"elementor-widget-container\">\n\t\t\t\t\t\t\t\t\t\n<ol>\n<li><b>INFORMA\u00c7\u00c3O DO UTILIZADOR<\/b><\/li>\n<\/ol>\n<p><b>Quem \u00e9 respons\u00e1vel pelo tratamento dos teus dados pessoais?  <\/b><\/p>\n<p><span style=\"font-weight: 400;\">I-VEO SYNERGY SC \u00e9 o RESPONS\u00c1VEL pelo tratamento dos dados pessoais do UTILIZADOR. Estes dados ser\u00e3o tratados de acordo com as disposi\u00e7\u00f5es do Regulamento (UE) 2016\/679 de 27 de abril (RGPD) e da Lei Org\u00e2nica 3\/2018 de 5 de dezembro (LOPDGDD).   <\/span><\/p>\n<h2> <\/h2>\n<p><b>Porque \u00e9 que processamos os teus dados pessoais?  <\/b><\/p>\n<p><span style=\"font-weight: 400;\">Manter uma rela\u00e7\u00e3o comercial com o UTILIZADOR. As opera\u00e7\u00f5es de processamento pretendidas incluem:   <\/span><\/p>\n<h2> <\/h2>\n<ul>\n<li style=\"font-weight: 400;\" aria-level=\"1\"><span style=\"font-weight: 400;\">Envio de comunica\u00e7\u00f5es comerciais e publicit\u00e1rias atrav\u00e9s de correio eletr\u00f3nico, fax, SMS, MMS, redes sociais ou qualquer outro meio eletr\u00f3nico ou f\u00edsico, presente ou futuro, que permita comunica\u00e7\u00f5es comerciais. Estas comunica\u00e7\u00f5es ser\u00e3o efectuadas pelo RESPONS\u00c1VEL e estar\u00e3o relacionadas com os seus produtos e servi\u00e7os, ou com os dos seus colaboradores ou fornecedores, com os quais tenha um acordo de promo\u00e7\u00e3o. Neste caso, os terceiros nunca ter\u00e3o acesso aos dados pessoais.    <\/span><\/li>\n<li style=\"font-weight: 400;\" aria-level=\"1\"><span style=\"font-weight: 400;\">Realiza estudos de mercado e an\u00e1lises estat\u00edsticas.  <\/span><\/li>\n<li style=\"font-weight: 400;\" aria-level=\"1\"><span style=\"font-weight: 400;\">Gerir os pedidos, responder a consultas ou atender a qualquer tipo de solicita\u00e7\u00e3o feita pelo UTILIZADOR atrav\u00e9s dos formul\u00e1rios de contacto dispon\u00edveis no s\u00edtio da CONTROLADORA.  <\/span><\/li>\n<li style=\"font-weight: 400;\" aria-level=\"1\"><span style=\"font-weight: 400;\">Envio de boletins informativos sobre actualiza\u00e7\u00f5es, ofertas e promo\u00e7\u00f5es relacionadas com as nossas actividades.  <\/span><\/li>\n<\/ul>\n<h2> <\/h2>\n<p><b>O que nos autoriza a processar os teus dados pessoais?  <\/b><\/p>\n<p><span style=\"font-weight: 400;\">O processamento \u00e9 legitimado pelo Artigo 6 do RGPD da seguinte forma:  <\/span><\/p>\n<ul>\n<li style=\"font-weight: 400;\" aria-level=\"1\"><span style=\"font-weight: 400;\">Com o consentimento do UTILIZADOR: para o envio de comunica\u00e7\u00f5es comerciais e boletins informativos.  <\/span><\/li>\n<li style=\"font-weight: 400;\" aria-level=\"1\"><span style=\"font-weight: 400;\">Com base no interesse leg\u00edtimo do RESPONS\u00c1VEL: para a realiza\u00e7\u00e3o de estudos de mercado, an\u00e1lises estat\u00edsticas e gest\u00e3o de pedidos ou consultas efectuadas pelo UTILIZADOR.  <\/span><\/li>\n<\/ul>\n<h2> <\/h2>\n<p><b>Durante quanto tempo conservaremos os teus dados pessoais?<\/b><span style=\"font-weight: 400;\">  <\/span><\/p>\n<p><span style=\"font-weight: 400;\">Os dados ser\u00e3o conservados apenas durante o tempo necess\u00e1rio para manter a finalidade do tratamento ou enquanto as obriga\u00e7\u00f5es legais o exigirem. Quando deixarem de ser necess\u00e1rios, os dados ser\u00e3o eliminados de forma segura ou tornados an\u00f3nimos.   <\/span><\/p>\n<h2> <\/h2>\n<p><b>A quem divulgamos os teus dados pessoais?<\/b><span style=\"font-weight: 400;\">  <\/span><\/p>\n<p><span style=\"font-weight: 400;\">N\u00e3o est\u00e1 prevista a divulga\u00e7\u00e3o de dados pessoais a terceiros, exceto se tal for necess\u00e1rio para o desenvolvimento e a execu\u00e7\u00e3o das finalidades do tratamento. Nestes casos, o RESPONS\u00c1VEL pelo tratamento estabelecer\u00e1 acordos de confidencialidade com os prestadores de servi\u00e7os relevantes, garantindo o cumprimento das normas de privacidade.   <\/span><\/p>\n<h2> <\/h2>\n<p><b>Quais s\u00e3o os teus direitos?  <\/b><\/p>\n<p><span style=\"font-weight: 400;\">O UTILIZADOR tem o direito de:  <\/span><\/p>\n<ul>\n<li style=\"font-weight: 400;\" aria-level=\"1\"><span style=\"font-weight: 400;\">Retira o consentimento em qualquer altura.  <\/span><\/li>\n<li style=\"font-weight: 400;\" aria-level=\"1\"><span style=\"font-weight: 400;\">Aceder, retificar, transferir e apagar os seus dados, bem como limitar ou opor-se ao seu tratamento.  <\/span><\/li>\n<li style=\"font-weight: 400;\" aria-level=\"1\"><span style=\"font-weight: 400;\">Apresenta uma queixa \u00e0 autoridade de supervis\u00e3o (www.aepd.es) se considerar que o processamento n\u00e3o est\u00e1 em conformidade com os regulamentos actuais.  <\/span><\/li>\n<\/ul>\n<h2> <\/h2>\n<p><b>Contacto para o exerc\u00edcio dos direitos:<\/b><span style=\"font-weight: 400;\">  <\/span><\/p>\n<p><span style=\"font-weight: 400;\">I-VEO SYNERGY SC<\/span><\/p>\n<p><b>Carrer del Riu G\u00fcell 58  <\/b><\/p>\n<p><b>17001 Girona<\/b><\/p>\n<p><b>NIF: J02714822  <\/b><\/p>\n<p><span style=\"font-weight: 400;\">Correio eletr\u00f3nico: info@i-veo.com  <\/span><\/p>\n<h2> <\/h2>\n<p><span style=\"font-weight: 400;\">&#8211;<\/span><\/p>\n<h2> <\/h2>\n<ol start=\"2\">\n<li><b>  CAR\u00c1CTER OBRIGAT\u00d3RIO OU FACULTATIVO DAS INFORMA\u00c7\u00d5ES FORNECIDAS PELO UTILIZADOR<\/b><\/li>\n<\/ol>\n<p><span style=\"font-weight: 400;\">O UTILIZADOR, atrav\u00e9s do preenchimento dos formul\u00e1rios assinalados com um asterisco (*) na p\u00e1gina de contactos ou dos formul\u00e1rios de download, aceita expressa e inequivocamente que os seus dados s\u00e3o necess\u00e1rios para a satisfa\u00e7\u00e3o do seu pedido. A inclus\u00e3o de outros dados \u00e9 volunt\u00e1ria.   <\/span><\/p>\n<h2> <\/h2>\n<p><span style=\"font-weight: 400;\">O UTILIZADOR garante que os dados pessoais fornecidos ao RESPONS\u00c1VEL pelo tratamento s\u00e3o verdadeiros e compromete-se a comunicar qualquer altera\u00e7\u00e3o.  <\/span><\/p>\n<h2> <\/h2>\n<p><span style=\"font-weight: 400;\">O RESPONS\u00c1VEL informa o UTILIZADOR de que todos os campos obrigat\u00f3rios do s\u00edtio Web s\u00e3o de preenchimento obrigat\u00f3rio, uma vez que s\u00e3o necess\u00e1rios para a otimiza\u00e7\u00e3o do servi\u00e7o. O n\u00e3o fornecimento destas informa\u00e7\u00f5es pode resultar na impossibilidade de satisfazer plenamente as necessidades do UTILIZADOR.   <\/span><\/p>\n<h2> <\/h2>\n<p><span style=\"font-weight: 400;\">&#8211;<\/span><\/p>\n<h2> <\/h2>\n<ol start=\"3\">\n<li><b>  MEDIDAS DE SEGURAN\u00c7A<\/b><\/li>\n<\/ol>\n<p><span style=\"font-weight: 400;\">Em conformidade com a normativa vigente em mat\u00e9ria de prote\u00e7\u00e3o de dados, o RESPONS\u00c1VEL cumpre todas as disposi\u00e7\u00f5es do RGPD e da LOPDGDD para o tratamento de dados pessoais. Concretamente, o RESPONS\u00c1VEL garante o cumprimento do artigo 5 do RGPD, tratando os dados de forma l\u00edcita, leal e transparente, e assegurando que os dados s\u00e3o adequados, pertinentes e limitados ao necess\u00e1rio para os seus fins.   <\/span><\/p>\n<h2> <\/h2>\n<p><span style=\"font-weight: 400;\">O RESPONS\u00c1VEL garante a implementa\u00e7\u00e3o de medidas t\u00e9cnicas e organizativas adequadas para proteger os direitos e liberdades dos UTILIZADORES, incluindo a comunica\u00e7\u00e3o adequada dos seus direitos.  <\/span><\/p>\n<h2> <\/h2>\n<p><span style=\"font-weight: 400;\">Para mais informa\u00e7\u00f5es sobre garantias de privacidade, podes contactar a CONTROLADORA atrav\u00e9s do endere\u00e7o  <\/span><\/p>\n<p><span style=\"font-weight: 400;\">Envia um e-mail: Email: info@i-veo.com  <\/span><\/p>\n\t\t\t\t\t\t\t\t<\/div>\n\t\t\t\t<\/div>\n\t\t\t\t\t<\/div>\n\t\t\t\t<\/div>\n\t\t\t\t<\/div>\n\t\t","protected":false},"excerpt":{"rendered":"<p>Pol\u00edtica de privacidade Casa Pol\u00edtica de privacidade INFORMA\u00c7\u00c3O DO UTILIZADOR Quem \u00e9 respons\u00e1vel pelo tratamento dos teus dados pessoais? I-VEO SYNERGY SC \u00e9 o RESPONS\u00c1VEL pelo tratamento dos dados pessoais do UTILIZADOR. Estes dados ser\u00e3o tratados de acordo com as disposi\u00e7\u00f5es do Regulamento (UE) 2016\/679 de 27 de abril (RGPD) e da Lei Org\u00e2nica 3\/2018 [&hellip;]<\/p>\n","protected":false},"author":1,"featured_media":0,"parent":0,"menu_order":8,"comment_status":"closed","ping_status":"open","template":"","meta":{"footnotes":""},"class_list":["post-1528","page","type-page","status-publish","hentry"],"yoast_head":"<!-- This site is optimized with the Yoast SEO plugin v26.3 - https:\/\/yoast.com\/wordpress\/plugins\/seo\/ -->\n<title>Pol\u00edtica de privacidade - I-Veo<\/title>\n<meta name=\"robots\" content=\"index, follow, max-snippet:-1, max-image-preview:large, max-video-preview:-1\" \/>\n<link rel=\"canonical\" href=\"https:\/\/i-veo.com\/privacy-policy\/\" \/>\n<meta property=\"og:locale\" content=\"pt_PT\" \/>\n<meta property=\"og:type\" content=\"article\" \/>\n<meta property=\"og:title\" content=\"Pol\u00edtica de privacidade - I-Veo\" \/>\n<meta property=\"og:description\" content=\"Pol\u00edtica de privacidade Casa Pol\u00edtica de privacidade INFORMA\u00c7\u00c3O DO UTILIZADOR Quem \u00e9 respons\u00e1vel pelo tratamento dos teus dados pessoais? I-VEO SYNERGY SC \u00e9 o RESPONS\u00c1VEL pelo tratamento dos dados pessoais do UTILIZADOR. Estes dados ser\u00e3o tratados de acordo com as disposi\u00e7\u00f5es do Regulamento (UE) 2016\/679 de 27 de abril (RGPD) e da Lei Org\u00e2nica 3\/2018 [&hellip;]\" \/>\n<meta property=\"og:url\" content=\"https:\/\/i-veo.com\/privacy-policy\/\" \/>\n<meta property=\"og:site_name\" content=\"I-Veo\" \/>\n<meta property=\"article:modified_time\" content=\"2025-08-05T13:06:24+00:00\" \/>\n<meta name=\"twitter:card\" content=\"summary_large_image\" \/>\n<meta name=\"twitter:label1\" content=\"Tempo estimado de leitura\" \/>\n\t<meta name=\"twitter:data1\" content=\"4 minutos\" \/>\n<script type=\"application\/ld+json\" class=\"yoast-schema-graph\">{\"@context\":\"https:\/\/schema.org\",\"@graph\":[{\"@type\":\"WebPage\",\"@id\":\"https:\/\/i-veo.com\/privacy-policy\/\",\"url\":\"https:\/\/i-veo.com\/privacy-policy\/\",\"name\":\"Pol\u00edtica de privacidade - I-Veo\",\"isPartOf\":{\"@id\":\"https:\/\/i-veo.com\/it\/#website\"},\"datePublished\":\"2024-07-29T10:43:30+00:00\",\"dateModified\":\"2025-08-05T13:06:24+00:00\",\"breadcrumb\":{\"@id\":\"https:\/\/i-veo.com\/privacy-policy\/#breadcrumb\"},\"inLanguage\":\"pt-PT\",\"potentialAction\":[{\"@type\":\"ReadAction\",\"target\":[\"https:\/\/i-veo.com\/privacy-policy\/\"]}]},{\"@type\":\"BreadcrumbList\",\"@id\":\"https:\/\/i-veo.com\/privacy-policy\/#breadcrumb\",\"itemListElement\":[{\"@type\":\"ListItem\",\"position\":1,\"name\":\"Home\",\"item\":\"https:\/\/i-veo.com\/\"},{\"@type\":\"ListItem\",\"position\":2,\"name\":\"Pol\u00edtica de privacidade\"}]},{\"@type\":\"WebSite\",\"@id\":\"https:\/\/i-veo.com\/it\/#website\",\"url\":\"https:\/\/i-veo.com\/it\/\",\"name\":\"I-Veo\",\"description\":\"Ideal agora PRE\",\"publisher\":{\"@id\":\"https:\/\/i-veo.com\/it\/#organization\"},\"potentialAction\":[{\"@type\":\"SearchAction\",\"target\":{\"@type\":\"EntryPoint\",\"urlTemplate\":\"https:\/\/i-veo.com\/it\/?s={search_term_string}\"},\"query-input\":{\"@type\":\"PropertyValueSpecification\",\"valueRequired\":true,\"valueName\":\"search_term_string\"}}],\"inLanguage\":\"pt-PT\"},{\"@type\":\"Organization\",\"@id\":\"https:\/\/i-veo.com\/it\/#organization\",\"name\":\"I-Veo\",\"url\":\"https:\/\/i-veo.com\/it\/\",\"logo\":{\"@type\":\"ImageObject\",\"inLanguage\":\"pt-PT\",\"@id\":\"https:\/\/i-veo.com\/it\/#\/schema\/logo\/image\/\",\"url\":\"https:\/\/i-veo.com\/wp-content\/uploads\/2024\/09\/logo-i-veo.svg\",\"contentUrl\":\"https:\/\/i-veo.com\/wp-content\/uploads\/2024\/09\/logo-i-veo.svg\",\"width\":1092,\"height\":394,\"caption\":\"I-Veo\"},\"image\":{\"@id\":\"https:\/\/i-veo.com\/it\/#\/schema\/logo\/image\/\"}}]}<\/script>\n<!-- \/ Yoast SEO plugin. -->","yoast_head_json":{"title":"Pol\u00edtica de privacidade - I-Veo","robots":{"index":"index","follow":"follow","max-snippet":"max-snippet:-1","max-image-preview":"max-image-preview:large","max-video-preview":"max-video-preview:-1"},"canonical":"https:\/\/i-veo.com\/privacy-policy\/","og_locale":"pt_PT","og_type":"article","og_title":"Pol\u00edtica de privacidade - I-Veo","og_description":"Pol\u00edtica de privacidade Casa Pol\u00edtica de privacidade INFORMA\u00c7\u00c3O DO UTILIZADOR Quem \u00e9 respons\u00e1vel pelo tratamento dos teus dados pessoais? I-VEO SYNERGY SC \u00e9 o RESPONS\u00c1VEL pelo tratamento dos dados pessoais do UTILIZADOR. Estes dados ser\u00e3o tratados de acordo com as disposi\u00e7\u00f5es do Regulamento (UE) 2016\/679 de 27 de abril (RGPD) e da Lei Org\u00e2nica 3\/2018 [&hellip;]","og_url":"https:\/\/i-veo.com\/privacy-policy\/","og_site_name":"I-Veo","article_modified_time":"2025-08-05T13:06:24+00:00","twitter_card":"summary_large_image","twitter_misc":{"Tempo estimado de leitura":"4 minutos"},"schema":{"@context":"https:\/\/schema.org","@graph":[{"@type":"WebPage","@id":"https:\/\/i-veo.com\/privacy-policy\/","url":"https:\/\/i-veo.com\/privacy-policy\/","name":"Pol\u00edtica de privacidade - I-Veo","isPartOf":{"@id":"https:\/\/i-veo.com\/it\/#website"},"datePublished":"2024-07-29T10:43:30+00:00","dateModified":"2025-08-05T13:06:24+00:00","breadcrumb":{"@id":"https:\/\/i-veo.com\/privacy-policy\/#breadcrumb"},"inLanguage":"pt-PT","potentialAction":[{"@type":"ReadAction","target":["https:\/\/i-veo.com\/privacy-policy\/"]}]},{"@type":"BreadcrumbList","@id":"https:\/\/i-veo.com\/privacy-policy\/#breadcrumb","itemListElement":[{"@type":"ListItem","position":1,"name":"Home","item":"https:\/\/i-veo.com\/"},{"@type":"ListItem","position":2,"name":"Pol\u00edtica de privacidade"}]},{"@type":"WebSite","@id":"https:\/\/i-veo.com\/it\/#website","url":"https:\/\/i-veo.com\/it\/","name":"I-Veo","description":"Ideal agora PRE","publisher":{"@id":"https:\/\/i-veo.com\/it\/#organization"},"potentialAction":[{"@type":"SearchAction","target":{"@type":"EntryPoint","urlTemplate":"https:\/\/i-veo.com\/it\/?s={search_term_string}"},"query-input":{"@type":"PropertyValueSpecification","valueRequired":true,"valueName":"search_term_string"}}],"inLanguage":"pt-PT"},{"@type":"Organization","@id":"https:\/\/i-veo.com\/it\/#organization","name":"I-Veo","url":"https:\/\/i-veo.com\/it\/","logo":{"@type":"ImageObject","inLanguage":"pt-PT","@id":"https:\/\/i-veo.com\/it\/#\/schema\/logo\/image\/","url":"https:\/\/i-veo.com\/wp-content\/uploads\/2024\/09\/logo-i-veo.svg","contentUrl":"https:\/\/i-veo.com\/wp-content\/uploads\/2024\/09\/logo-i-veo.svg","width":1092,"height":394,"caption":"I-Veo"},"image":{"@id":"https:\/\/i-veo.com\/it\/#\/schema\/logo\/image\/"}}]}},"_links":{"self":[{"href":"https:\/\/i-veo.com\/pt-pt\/wp-json\/wp\/v2\/pages\/1528","targetHints":{"allow":["GET"]}}],"collection":[{"href":"https:\/\/i-veo.com\/pt-pt\/wp-json\/wp\/v2\/pages"}],"about":[{"href":"https:\/\/i-veo.com\/pt-pt\/wp-json\/wp\/v2\/types\/page"}],"author":[{"embeddable":true,"href":"https:\/\/i-veo.com\/pt-pt\/wp-json\/wp\/v2\/users\/1"}],"replies":[{"embeddable":true,"href":"https:\/\/i-veo.com\/pt-pt\/wp-json\/wp\/v2\/comments?post=1528"}],"version-history":[{"count":9,"href":"https:\/\/i-veo.com\/pt-pt\/wp-json\/wp\/v2\/pages\/1528\/revisions"}],"predecessor-version":[{"id":1558,"href":"https:\/\/i-veo.com\/pt-pt\/wp-json\/wp\/v2\/pages\/1528\/revisions\/1558"}],"wp:attachment":[{"href":"https:\/\/i-veo.com\/pt-pt\/wp-json\/wp\/v2\/media?parent=1528"}],"curies":[{"name":"wp","href":"https:\/\/api.w.org\/{rel}","templated":true}]}}