{"id":2188,"date":"2024-07-29T11:43:30","date_gmt":"2024-07-29T10:43:30","guid":{"rendered":"https:\/\/preprod.i-veo.com\/informativa-sulla-privacy\/"},"modified":"2025-08-11T13:41:35","modified_gmt":"2025-08-11T12:41:35","slug":"informativa-sulla-privacy","status":"publish","type":"page","link":"https:\/\/i-veo.com\/it\/informativa-sulla-privacy\/","title":{"rendered":"Informativa sulla privacy"},"content":{"rendered":"\t\t<div data-elementor-type=\"wp-page\" data-elementor-id=\"2188\" class=\"elementor elementor-2188 elementor-3\" data-elementor-post-type=\"page\">\n\t\t\t\t<div class=\"elementor-element elementor-element-f44edf4 e-con-full e-flex e-con e-parent\" data-id=\"f44edf4\" data-element_type=\"container\" data-settings=\"{&quot;background_background&quot;:&quot;classic&quot;}\">\n\t\t<div class=\"elementor-element elementor-element-c23f806 e-flex e-con-boxed e-con e-child\" data-id=\"c23f806\" data-element_type=\"container\" data-settings=\"{&quot;background_background&quot;:&quot;classic&quot;}\">\n\t\t\t\t\t<div class=\"e-con-inner\">\n\t\t\t\t<div class=\"elementor-element elementor-element-d00dc42 elementor-widget__width-inherit elementor-invisible elementor-widget elementor-widget-heading\" data-id=\"d00dc42\" data-element_type=\"widget\" data-settings=\"{&quot;_animation&quot;:&quot;fadeIn&quot;}\" data-widget_type=\"heading.default\">\n\t\t\t\t<div class=\"elementor-widget-container\">\n\t\t\t\t\t<h2 class=\"elementor-heading-title elementor-size-default\">Informativa sulla privacy<\/h2>\t\t\t\t<\/div>\n\t\t\t\t<\/div>\n\t\t\t\t<div class=\"elementor-element elementor-element-6462ece elementor-icon-list--layout-inline elementor-align-left elementor-list-item-link-full_width elementor-invisible elementor-widget elementor-widget-icon-list\" data-id=\"6462ece\" data-element_type=\"widget\" data-settings=\"{&quot;_animation&quot;:&quot;fadeIn&quot;,&quot;_animation_delay&quot;:200}\" data-widget_type=\"icon-list.default\">\n\t\t\t\t<div class=\"elementor-widget-container\">\n\t\t\t\t\t\t\t<ul class=\"elementor-icon-list-items elementor-inline-items\">\n\t\t\t\t\t\t\t<li class=\"elementor-icon-list-item elementor-inline-item\">\n\t\t\t\t\t\t\t\t\t\t\t<a href=\"#\">\n\n\t\t\t\t\t\t\t\t\t\t\t<span class=\"elementor-icon-list-text\">Casa<\/span>\n\t\t\t\t\t\t\t\t\t\t\t<\/a>\n\t\t\t\t\t\t\t\t\t<\/li>\n\t\t\t\t\t\t\t\t<li class=\"elementor-icon-list-item elementor-inline-item\">\n\t\t\t\t\t\t\t\t\t\t\t<a href=\"#\">\n\n\t\t\t\t\t\t\t\t\t\t\t\t<span class=\"elementor-icon-list-icon\">\n\t\t\t\t\t\t\t<i aria-hidden=\"true\" class=\"icon icon-arrow-right\"><\/i>\t\t\t\t\t\t<\/span>\n\t\t\t\t\t\t\t\t\t\t<span class=\"elementor-icon-list-text\">Informativa sulla privacy<\/span>\n\t\t\t\t\t\t\t\t\t\t\t<\/a>\n\t\t\t\t\t\t\t\t\t<\/li>\n\t\t\t\t\t\t<\/ul>\n\t\t\t\t\t\t<\/div>\n\t\t\t\t<\/div>\n\t\t\t\t\t<\/div>\n\t\t\t\t<\/div>\n\t\t\t\t<\/div>\n\t\t<div class=\"elementor-element elementor-element-1f6fec26 e-flex e-con-boxed e-con e-parent\" data-id=\"1f6fec26\" data-element_type=\"container\">\n\t\t\t\t\t<div class=\"e-con-inner\">\n\t\t\t\t<div class=\"elementor-element elementor-element-d73fa9b elementor-widget elementor-widget-text-editor\" data-id=\"d73fa9b\" data-element_type=\"widget\" data-widget_type=\"text-editor.default\">\n\t\t\t\t<div class=\"elementor-widget-container\">\n\t\t\t\t\t\t\t\t\t\n<ol>\n<li><b>INFORMAZIONI SULL&#8217;UTENTE<\/b><\/li>\n<\/ol>\n<p><b>Chi \u00e8 responsabile del trattamento dei tuoi dati personali?  <\/b><\/p>\n<p><span style=\"font-weight: 400;\">I-VEO SYNERGY SC \u00e8 il TITOLARE responsabile del trattamento dei dati personali dell&#8217;UTENTE. Tali dati saranno trattati in conformit\u00e0 alle disposizioni del Regolamento (UE) 2016\/679 del 27 aprile (GDPR) e della Legge Organica 3\/2018 del 5 dicembre (LOPDGDD).   <\/span><\/p>\n<h2> <\/h2>\n<p><b>Perch\u00e9 trattiamo i tuoi dati personali?  <\/b><\/p>\n<p><span style=\"font-weight: 400;\">Mantenere un rapporto commerciale con l&#8217;UTENTE. Le operazioni di trattamento previste comprendono:   <\/span><\/p>\n<h2> <\/h2>\n<ul>\n<li style=\"font-weight: 400;\" aria-level=\"1\"><span style=\"font-weight: 400;\">Invio di comunicazioni commerciali e pubblicitarie tramite e-mail, fax, SMS, MMS, social network o qualsiasi altro mezzo elettronico o fisico, presente o futuro, che consenta comunicazioni commerciali. Tali comunicazioni saranno effettuate dal TITOLARE e saranno relative ai suoi prodotti e servizi, o a quelli dei suoi collaboratori o fornitori, con i quali ha un accordo di promozione. In questo caso, le terze parti non avranno mai accesso ai dati personali.    <\/span><\/li>\n<li style=\"font-weight: 400;\" aria-level=\"1\"><span style=\"font-weight: 400;\">Condurre ricerche di mercato e analisi statistiche.  <\/span><\/li>\n<li style=\"font-weight: 400;\" aria-level=\"1\"><span style=\"font-weight: 400;\">Gestire le richieste, rispondere alle domande o rispondere a qualsiasi tipo di richiesta fatta dall&#8217;UTENTE attraverso i moduli di contatto disponibili sul sito web del FORNITORE.  <\/span><\/li>\n<li style=\"font-weight: 400;\" aria-level=\"1\"><span style=\"font-weight: 400;\">Invio di newsletter su aggiornamenti, offerte e promozioni relative alle nostre attivit\u00e0.  <\/span><\/li>\n<\/ul>\n<h2> <\/h2>\n<p><b>Cosa ci autorizza a trattare i tuoi dati personali?  <\/b><\/p>\n<p><span style=\"font-weight: 400;\">Il trattamento \u00e8 legittimato ai sensi dell&#8217;articolo 6 del GDPR come segue:  <\/span><\/p>\n<ul>\n<li style=\"font-weight: 400;\" aria-level=\"1\"><span style=\"font-weight: 400;\">Con il consenso dell&#8217;UTENTE: per l&#8217;invio di comunicazioni commerciali e newsletter.  <\/span><\/li>\n<li style=\"font-weight: 400;\" aria-level=\"1\"><span style=\"font-weight: 400;\">In base al legittimo interesse del TITOLARE: per condurre ricerche di mercato, analisi statistiche e gestire le richieste o le domande dell&#8217;UTENTE.  <\/span><\/li>\n<\/ul>\n<h2> <\/h2>\n<p><b>Per quanto tempo conserveremo i tuoi dati personali?<\/b><span style=\"font-weight: 400;\">  <\/span><\/p>\n<p><span style=\"font-weight: 400;\">I dati saranno conservati non pi\u00f9 a lungo di quanto necessario per mantenere lo scopo del trattamento o per tutto il tempo in cui gli obblighi legali richiedono la conservazione. Una volta non pi\u00f9 necessari, i dati saranno cancellati in modo sicuro o resi anonimi.   <\/span><\/p>\n<h2> <\/h2>\n<p><b>A chi divulghiamo i tuoi dati personali?<\/b><span style=\"font-weight: 400;\">  <\/span><\/p>\n<p><span style=\"font-weight: 400;\">Non \u00e8 prevista la divulgazione dei dati personali a terzi, a meno che non sia necessaria per lo sviluppo e l&#8217;esecuzione delle finalit\u00e0 del trattamento. In questi casi, il TITOLARE stabilir\u00e0 accordi di riservatezza con i relativi fornitori di servizi, garantendo il rispetto delle norme sulla privacy.   <\/span><\/p>\n<h2> <\/h2>\n<p><b>Quali sono i tuoi diritti?  <\/b><\/p>\n<p><span style=\"font-weight: 400;\">L&#8217;UTENTE ha il diritto di:  <\/span><\/p>\n<ul>\n<li style=\"font-weight: 400;\" aria-level=\"1\"><span style=\"font-weight: 400;\">Ritirare il consenso in qualsiasi momento.  <\/span><\/li>\n<li style=\"font-weight: 400;\" aria-level=\"1\"><span style=\"font-weight: 400;\">Accedere, rettificare, trasferire e cancellare i propri dati, nonch\u00e9 limitare o opporsi al loro trattamento.  <\/span><\/li>\n<li style=\"font-weight: 400;\" aria-level=\"1\"><span style=\"font-weight: 400;\">Presentare un reclamo all&#8217;autorit\u00e0 di vigilanza (www.aepd.es) se ritiene che il trattamento non sia conforme alla normativa vigente.  <\/span><\/li>\n<\/ul>\n<h2> <\/h2>\n<p><b>Contatto per l&#8217;esercizio dei diritti:<\/b><span style=\"font-weight: 400;\">  <\/span><\/p>\n<p><span style=\"font-weight: 400;\">I-VEO SYNERGY SC<\/span><\/p>\n<p><b>Carrer del Riu G\u00fcell 58  <\/b><\/p>\n<p><b>17001 Girona<\/b><\/p>\n<p><b>NIF: J02714822  <\/b><\/p>\n<p><span style=\"font-weight: 400;\">Email: info@i-veo.com  <\/span><\/p>\n<h2> <\/h2>\n<p><span style=\"font-weight: 400;\">&#8211;<\/span><\/p>\n<h2> <\/h2>\n<ol start=\"2\">\n<li><b>  NATURA OBBLIGATORIA O FACOLTATIVA DELLE INFORMAZIONI FORNITE DALL&#8217;UTENTE<\/b><\/li>\n<\/ol>\n<p><span style=\"font-weight: 400;\">Gli UTENTI, attraverso la compilazione dei moduli contrassegnati da un asterisco (*) nella pagina dei contatti o dei moduli di download, accettano espressamente e inequivocabilmente che i loro dati siano necessari per soddisfare la loro richiesta. L&#8217;inclusione di altri dati \u00e8 volontaria.   <\/span><\/p>\n<h2> <\/h2>\n<p><span style=\"font-weight: 400;\">L&#8217;UTENTE garantisce che i dati personali forniti al FORNITORE sono veritieri e si impegna a comunicare qualsiasi modifica.  <\/span><\/p>\n<h2> <\/h2>\n<p><span style=\"font-weight: 400;\">Il FORNITORE informa gli UTENTI che tutti i campi richiesti sul sito web sono obbligatori, in quanto necessari per fornire un servizio ottimale. Il mancato conferimento di tali informazioni pu\u00f2 comportare l&#8217;impossibilit\u00e0 di soddisfare pienamente le esigenze dell&#8217;UTENTE.   <\/span><\/p>\n<h2> <\/h2>\n<p><span style=\"font-weight: 400;\">&#8211;<\/span><\/p>\n<h2> <\/h2>\n<ol start=\"3\">\n<li><b>  MISURE DI SICUREZZA<\/b><\/li>\n<\/ol>\n<p><span style=\"font-weight: 400;\">In conformit\u00e0 alle normative vigenti in materia di protezione dei dati, il FORNITORE aderisce a tutte le disposizioni delineate nel GDPR e nel LOPDGDD per il trattamento dei dati personali. In particolare, il FORNITORE garantisce la conformit\u00e0 all&#8217;articolo 5 del GDPR, elaborando i dati in modo lecito, equo e trasparente e assicurando che i dati siano adeguati, pertinenti e limitati a quanto necessario per le sue finalit\u00e0.   <\/span><\/p>\n<h2> <\/h2>\n<p><span style=\"font-weight: 400;\">Il FORNITORE garantisce l&#8217;attuazione di misure tecniche e organizzative adeguate per proteggere i diritti e le libert\u00e0 degli UTENTI, compresa la corretta comunicazione dei loro diritti.  <\/span><\/p>\n<h2> <\/h2>\n<p><span style=\"font-weight: 400;\">Per ulteriori informazioni sulle garanzie di privacy, puoi contattare il TITOLARE all&#8217;indirizzo:  <\/span><\/p>\n<p><span style=\"font-weight: 400;\">Email: Email: info@i-veo.com  <\/span><\/p>\n\t\t\t\t\t\t\t\t<\/div>\n\t\t\t\t<\/div>\n\t\t\t\t\t<\/div>\n\t\t\t\t<\/div>\n\t\t\t\t<\/div>\n\t\t","protected":false},"excerpt":{"rendered":"<p>Informativa sulla privacy Casa Informativa sulla privacy INFORMAZIONI SULL&#8217;UTENTE Chi \u00e8 responsabile del trattamento dei tuoi dati personali? I-VEO SYNERGY SC \u00e8 il TITOLARE responsabile del trattamento dei dati personali dell&#8217;UTENTE. Tali dati saranno trattati in conformit\u00e0 alle disposizioni del Regolamento (UE) 2016\/679 del 27 aprile (GDPR) e della Legge Organica 3\/2018 del 5 dicembre [&hellip;]<\/p>\n","protected":false},"author":1,"featured_media":0,"parent":0,"menu_order":8,"comment_status":"closed","ping_status":"open","template":"","meta":{"footnotes":""},"class_list":["post-2188","page","type-page","status-publish","hentry"],"yoast_head":"<!-- This site is optimized with the Yoast SEO plugin v26.3 - https:\/\/yoast.com\/wordpress\/plugins\/seo\/ -->\n<title>Informativa sulla privacy - I-VEO<\/title>\n<meta name=\"robots\" content=\"index, follow, max-snippet:-1, max-image-preview:large, max-video-preview:-1\" \/>\n<link rel=\"canonical\" href=\"https:\/\/i-veo.com\/it\/informativa-sulla-privacy\/\" \/>\n<meta property=\"og:locale\" content=\"it_IT\" \/>\n<meta property=\"og:type\" content=\"article\" \/>\n<meta property=\"og:title\" content=\"Informativa sulla privacy - I-VEO\" \/>\n<meta property=\"og:description\" content=\"Informativa sulla privacy Casa Informativa sulla privacy INFORMAZIONI SULL&#8217;UTENTE Chi \u00e8 responsabile del trattamento dei tuoi dati personali? I-VEO SYNERGY SC \u00e8 il TITOLARE responsabile del trattamento dei dati personali dell&#8217;UTENTE. Tali dati saranno trattati in conformit\u00e0 alle disposizioni del Regolamento (UE) 2016\/679 del 27 aprile (GDPR) e della Legge Organica 3\/2018 del 5 dicembre [&hellip;]\" \/>\n<meta property=\"og:url\" content=\"https:\/\/i-veo.com\/it\/informativa-sulla-privacy\/\" \/>\n<meta property=\"og:site_name\" content=\"I-VEO\" \/>\n<meta property=\"article:modified_time\" content=\"2025-08-11T12:41:35+00:00\" \/>\n<meta name=\"twitter:card\" content=\"summary_large_image\" \/>\n<meta name=\"twitter:label1\" content=\"Tempo di lettura stimato\" \/>\n\t<meta name=\"twitter:data1\" content=\"3 minuti\" \/>\n<script type=\"application\/ld+json\" class=\"yoast-schema-graph\">{\"@context\":\"https:\/\/schema.org\",\"@graph\":[{\"@type\":\"WebPage\",\"@id\":\"https:\/\/i-veo.com\/it\/informativa-sulla-privacy\/\",\"url\":\"https:\/\/i-veo.com\/it\/informativa-sulla-privacy\/\",\"name\":\"Informativa sulla privacy - I-VEO\",\"isPartOf\":{\"@id\":\"https:\/\/i-veo.com\/it\/#website\"},\"datePublished\":\"2024-07-29T10:43:30+00:00\",\"dateModified\":\"2025-08-11T12:41:35+00:00\",\"breadcrumb\":{\"@id\":\"https:\/\/i-veo.com\/it\/informativa-sulla-privacy\/#breadcrumb\"},\"inLanguage\":\"it-IT\",\"potentialAction\":[{\"@type\":\"ReadAction\",\"target\":[\"https:\/\/i-veo.com\/it\/informativa-sulla-privacy\/\"]}]},{\"@type\":\"BreadcrumbList\",\"@id\":\"https:\/\/i-veo.com\/it\/informativa-sulla-privacy\/#breadcrumb\",\"itemListElement\":[{\"@type\":\"ListItem\",\"position\":1,\"name\":\"Home\",\"item\":\"https:\/\/i-veo.com\/\"},{\"@type\":\"ListItem\",\"position\":2,\"name\":\"Informativa sulla privacy\"}]},{\"@type\":\"WebSite\",\"@id\":\"https:\/\/i-veo.com\/it\/#website\",\"url\":\"https:\/\/i-veo.com\/it\/\",\"name\":\"I-VEO\",\"description\":\"Synergy Real Estate\",\"publisher\":{\"@id\":\"https:\/\/i-veo.com\/it\/#organization\"},\"potentialAction\":[{\"@type\":\"SearchAction\",\"target\":{\"@type\":\"EntryPoint\",\"urlTemplate\":\"https:\/\/i-veo.com\/it\/?s={search_term_string}\"},\"query-input\":{\"@type\":\"PropertyValueSpecification\",\"valueRequired\":true,\"valueName\":\"search_term_string\"}}],\"inLanguage\":\"it-IT\"},{\"@type\":\"Organization\",\"@id\":\"https:\/\/i-veo.com\/it\/#organization\",\"name\":\"I-VEO\",\"url\":\"https:\/\/i-veo.com\/it\/\",\"logo\":{\"@type\":\"ImageObject\",\"inLanguage\":\"it-IT\",\"@id\":\"https:\/\/i-veo.com\/it\/#\/schema\/logo\/image\/\",\"url\":\"https:\/\/i-veo.com\/wp-content\/uploads\/2024\/09\/logo-i-veo.svg\",\"contentUrl\":\"https:\/\/i-veo.com\/wp-content\/uploads\/2024\/09\/logo-i-veo.svg\",\"width\":1092,\"height\":394,\"caption\":\"I-VEO\"},\"image\":{\"@id\":\"https:\/\/i-veo.com\/it\/#\/schema\/logo\/image\/\"}}]}<\/script>\n<!-- \/ Yoast SEO plugin. -->","yoast_head_json":{"title":"Informativa sulla privacy - I-VEO","robots":{"index":"index","follow":"follow","max-snippet":"max-snippet:-1","max-image-preview":"max-image-preview:large","max-video-preview":"max-video-preview:-1"},"canonical":"https:\/\/i-veo.com\/it\/informativa-sulla-privacy\/","og_locale":"it_IT","og_type":"article","og_title":"Informativa sulla privacy - I-VEO","og_description":"Informativa sulla privacy Casa Informativa sulla privacy INFORMAZIONI SULL&#8217;UTENTE Chi \u00e8 responsabile del trattamento dei tuoi dati personali? I-VEO SYNERGY SC \u00e8 il TITOLARE responsabile del trattamento dei dati personali dell&#8217;UTENTE. Tali dati saranno trattati in conformit\u00e0 alle disposizioni del Regolamento (UE) 2016\/679 del 27 aprile (GDPR) e della Legge Organica 3\/2018 del 5 dicembre [&hellip;]","og_url":"https:\/\/i-veo.com\/it\/informativa-sulla-privacy\/","og_site_name":"I-VEO","article_modified_time":"2025-08-11T12:41:35+00:00","twitter_card":"summary_large_image","twitter_misc":{"Tempo di lettura stimato":"3 minuti"},"schema":{"@context":"https:\/\/schema.org","@graph":[{"@type":"WebPage","@id":"https:\/\/i-veo.com\/it\/informativa-sulla-privacy\/","url":"https:\/\/i-veo.com\/it\/informativa-sulla-privacy\/","name":"Informativa sulla privacy - I-VEO","isPartOf":{"@id":"https:\/\/i-veo.com\/it\/#website"},"datePublished":"2024-07-29T10:43:30+00:00","dateModified":"2025-08-11T12:41:35+00:00","breadcrumb":{"@id":"https:\/\/i-veo.com\/it\/informativa-sulla-privacy\/#breadcrumb"},"inLanguage":"it-IT","potentialAction":[{"@type":"ReadAction","target":["https:\/\/i-veo.com\/it\/informativa-sulla-privacy\/"]}]},{"@type":"BreadcrumbList","@id":"https:\/\/i-veo.com\/it\/informativa-sulla-privacy\/#breadcrumb","itemListElement":[{"@type":"ListItem","position":1,"name":"Home","item":"https:\/\/i-veo.com\/"},{"@type":"ListItem","position":2,"name":"Informativa sulla privacy"}]},{"@type":"WebSite","@id":"https:\/\/i-veo.com\/it\/#website","url":"https:\/\/i-veo.com\/it\/","name":"I-VEO","description":"Synergy Real Estate","publisher":{"@id":"https:\/\/i-veo.com\/it\/#organization"},"potentialAction":[{"@type":"SearchAction","target":{"@type":"EntryPoint","urlTemplate":"https:\/\/i-veo.com\/it\/?s={search_term_string}"},"query-input":{"@type":"PropertyValueSpecification","valueRequired":true,"valueName":"search_term_string"}}],"inLanguage":"it-IT"},{"@type":"Organization","@id":"https:\/\/i-veo.com\/it\/#organization","name":"I-VEO","url":"https:\/\/i-veo.com\/it\/","logo":{"@type":"ImageObject","inLanguage":"it-IT","@id":"https:\/\/i-veo.com\/it\/#\/schema\/logo\/image\/","url":"https:\/\/i-veo.com\/wp-content\/uploads\/2024\/09\/logo-i-veo.svg","contentUrl":"https:\/\/i-veo.com\/wp-content\/uploads\/2024\/09\/logo-i-veo.svg","width":1092,"height":394,"caption":"I-VEO"},"image":{"@id":"https:\/\/i-veo.com\/it\/#\/schema\/logo\/image\/"}}]}},"_links":{"self":[{"href":"https:\/\/i-veo.com\/it\/wp-json\/wp\/v2\/pages\/2188","targetHints":{"allow":["GET"]}}],"collection":[{"href":"https:\/\/i-veo.com\/it\/wp-json\/wp\/v2\/pages"}],"about":[{"href":"https:\/\/i-veo.com\/it\/wp-json\/wp\/v2\/types\/page"}],"author":[{"embeddable":true,"href":"https:\/\/i-veo.com\/it\/wp-json\/wp\/v2\/users\/1"}],"replies":[{"embeddable":true,"href":"https:\/\/i-veo.com\/it\/wp-json\/wp\/v2\/comments?post=2188"}],"version-history":[{"count":3,"href":"https:\/\/i-veo.com\/it\/wp-json\/wp\/v2\/pages\/2188\/revisions"}],"predecessor-version":[{"id":2193,"href":"https:\/\/i-veo.com\/it\/wp-json\/wp\/v2\/pages\/2188\/revisions\/2193"}],"wp:attachment":[{"href":"https:\/\/i-veo.com\/it\/wp-json\/wp\/v2\/media?parent=2188"}],"curies":[{"name":"wp","href":"https:\/\/api.w.org\/{rel}","templated":true}]}}