{"id":1866,"date":"2024-07-29T11:43:30","date_gmt":"2024-07-29T10:43:30","guid":{"rendered":"https:\/\/preprod.i-veo.com\/politique-de-confidentialite\/"},"modified":"2025-08-11T08:39:06","modified_gmt":"2025-08-11T07:39:06","slug":"politique-de-confidentialite","status":"publish","type":"page","link":"https:\/\/i-veo.com\/fr\/politique-de-confidentialite\/","title":{"rendered":"Politique de confidentialit\u00e9"},"content":{"rendered":"\t\t<div data-elementor-type=\"wp-page\" data-elementor-id=\"1866\" class=\"elementor elementor-1866 elementor-3\" data-elementor-post-type=\"page\">\n\t\t\t\t<div class=\"elementor-element elementor-element-f44edf4 e-con-full e-flex e-con e-parent\" data-id=\"f44edf4\" data-element_type=\"container\" data-settings=\"{&quot;background_background&quot;:&quot;classic&quot;}\">\n\t\t<div class=\"elementor-element elementor-element-c23f806 e-flex e-con-boxed e-con e-child\" data-id=\"c23f806\" data-element_type=\"container\" data-settings=\"{&quot;background_background&quot;:&quot;classic&quot;}\">\n\t\t\t\t\t<div class=\"e-con-inner\">\n\t\t\t\t<div class=\"elementor-element elementor-element-d00dc42 elementor-widget__width-inherit elementor-invisible elementor-widget elementor-widget-heading\" data-id=\"d00dc42\" data-element_type=\"widget\" data-settings=\"{&quot;_animation&quot;:&quot;fadeIn&quot;}\" data-widget_type=\"heading.default\">\n\t\t\t\t<div class=\"elementor-widget-container\">\n\t\t\t\t\t<h2 class=\"elementor-heading-title elementor-size-default\">Politique de confidentialit\u00e9<\/h2>\t\t\t\t<\/div>\n\t\t\t\t<\/div>\n\t\t\t\t<div class=\"elementor-element elementor-element-6462ece elementor-icon-list--layout-inline elementor-align-left elementor-list-item-link-full_width elementor-invisible elementor-widget elementor-widget-icon-list\" data-id=\"6462ece\" data-element_type=\"widget\" data-settings=\"{&quot;_animation&quot;:&quot;fadeIn&quot;,&quot;_animation_delay&quot;:200}\" data-widget_type=\"icon-list.default\">\n\t\t\t\t<div class=\"elementor-widget-container\">\n\t\t\t\t\t\t\t<ul class=\"elementor-icon-list-items elementor-inline-items\">\n\t\t\t\t\t\t\t<li class=\"elementor-icon-list-item elementor-inline-item\">\n\t\t\t\t\t\t\t\t\t\t\t<a href=\"#\">\n\n\t\t\t\t\t\t\t\t\t\t\t<span class=\"elementor-icon-list-text\">Accueil<\/span>\n\t\t\t\t\t\t\t\t\t\t\t<\/a>\n\t\t\t\t\t\t\t\t\t<\/li>\n\t\t\t\t\t\t\t\t<li class=\"elementor-icon-list-item elementor-inline-item\">\n\t\t\t\t\t\t\t\t\t\t\t<a href=\"#\">\n\n\t\t\t\t\t\t\t\t\t\t\t\t<span class=\"elementor-icon-list-icon\">\n\t\t\t\t\t\t\t<i aria-hidden=\"true\" class=\"icon icon-arrow-right\"><\/i>\t\t\t\t\t\t<\/span>\n\t\t\t\t\t\t\t\t\t\t<span class=\"elementor-icon-list-text\">Politique de confidentialit\u00e9<\/span>\n\t\t\t\t\t\t\t\t\t\t\t<\/a>\n\t\t\t\t\t\t\t\t\t<\/li>\n\t\t\t\t\t\t<\/ul>\n\t\t\t\t\t\t<\/div>\n\t\t\t\t<\/div>\n\t\t\t\t\t<\/div>\n\t\t\t\t<\/div>\n\t\t\t\t<\/div>\n\t\t<div class=\"elementor-element elementor-element-1f6fec26 e-flex e-con-boxed e-con e-parent\" data-id=\"1f6fec26\" data-element_type=\"container\">\n\t\t\t\t\t<div class=\"e-con-inner\">\n\t\t\t\t<div class=\"elementor-element elementor-element-d73fa9b elementor-widget elementor-widget-text-editor\" data-id=\"d73fa9b\" data-element_type=\"widget\" data-widget_type=\"text-editor.default\">\n\t\t\t\t<div class=\"elementor-widget-container\">\n\t\t\t\t\t\t\t\t\t\n<ol>\n<li><b>INFORMATIONS SUR L&rsquo;UTILISATEUR<\/b><\/li>\n<\/ol>\n<p><b>Qui est responsable du traitement de vos donn\u00e9es personnelles ?  <\/b><\/p>\n<p><span style=\"font-weight: 400;\">I-VEO SYNERGY SC est le responsable du traitement des donn\u00e9es \u00e0 caract\u00e8re personnel de l&rsquo;UTILISATEUR. Ces donn\u00e9es seront trait\u00e9es conform\u00e9ment aux dispositions du r\u00e8glement (UE) 2016\/679 du 27 avril (GDPR) et de la loi organique 3\/2018 du 5 d\u00e9cembre (LOPDGDD).   <\/span><\/p>\n<h2> <\/h2>\n<p><b>Pourquoi traitons-nous vos donn\u00e9es personnelles ?  <\/b><\/p>\n<p><span style=\"font-weight: 400;\">maintenir une relation commerciale avec l&rsquo;UTILISATEUR. Les op\u00e9rations de traitement pr\u00e9vues comprennent :   <\/span><\/p>\n<h2> <\/h2>\n<ul>\n<li style=\"font-weight: 400;\" aria-level=\"1\"><span style=\"font-weight: 400;\">Envoi de communications commerciales et publicitaires par courrier \u00e9lectronique, fax, SMS, MMS, r\u00e9seaux sociaux ou tout autre moyen \u00e9lectronique ou physique, pr\u00e9sent ou futur, permettant des communications commerciales. Ces communications seront r\u00e9alis\u00e9es par le CONTR\u00d4LEUR et seront li\u00e9es \u00e0 ses produits et services, ou \u00e0 ceux de ses collaborateurs ou fournisseurs, avec lesquels il a conclu un accord de promotion. Dans ce cas, les tiers n&rsquo;auront jamais acc\u00e8s aux donn\u00e9es personnelles.    <\/span><\/li>\n<li style=\"font-weight: 400;\" aria-level=\"1\"><span style=\"font-weight: 400;\">R\u00e9aliser des \u00e9tudes de march\u00e9 et des analyses statistiques.  <\/span><\/li>\n<li style=\"font-weight: 400;\" aria-level=\"1\"><span style=\"font-weight: 400;\">G\u00e9rer les demandes, r\u00e9pondre aux demandes de renseignements ou traiter tout type de demande formul\u00e9e par l&rsquo;UTILISATEUR par le biais des formulaires de contact disponibles sur le site web du CONTR\u00d4LEUR.  <\/span><\/li>\n<li style=\"font-weight: 400;\" aria-level=\"1\"><span style=\"font-weight: 400;\">Envoi de bulletins d&rsquo;information sur les mises \u00e0 jour, les offres et les promotions li\u00e9es \u00e0 nos activit\u00e9s.  <\/span><\/li>\n<\/ul>\n<h2> <\/h2>\n<p><b>Qu&rsquo;est-ce qui nous autorise \u00e0 traiter vos donn\u00e9es personnelles ?  <\/b><\/p>\n<p><span style=\"font-weight: 400;\">Le traitement est l\u00e9gitim\u00e9 par l&rsquo;article 6 du GDPR comme suit :  <\/span><\/p>\n<ul>\n<li style=\"font-weight: 400;\" aria-level=\"1\"><span style=\"font-weight: 400;\">Avec le consentement de l&rsquo;utilisateur : pour l&rsquo;envoi de communications commerciales et de bulletins d&rsquo;information.  <\/span><\/li>\n<li style=\"font-weight: 400;\" aria-level=\"1\"><span style=\"font-weight: 400;\">Sur la base de l&rsquo;int\u00e9r\u00eat l\u00e9gitime du CONTR\u00d4LEUR : pour la r\u00e9alisation d&rsquo;\u00e9tudes de march\u00e9, d&rsquo;analyses statistiques et la gestion des demandes ou des requ\u00eates formul\u00e9es par l&rsquo;UTILISATEUR.  <\/span><\/li>\n<\/ul>\n<h2> <\/h2>\n<p><b>Combien de temps conserverons-nous vos donn\u00e9es personnelles ?<\/b><span style=\"font-weight: 400;\">  <\/span><\/p>\n<p><span style=\"font-weight: 400;\">Les donn\u00e9es seront conserv\u00e9es pendant une dur\u00e9e n&rsquo;exc\u00e9dant pas celle n\u00e9cessaire \u00e0 la r\u00e9alisation de l&rsquo;objectif du traitement ou aussi longtemps que les obligations l\u00e9gales l&rsquo;exigent. Une fois qu&rsquo;elles ne sont plus n\u00e9cessaires, les donn\u00e9es sont supprim\u00e9es en toute s\u00e9curit\u00e9 ou rendues anonymes.   <\/span><\/p>\n<h2> <\/h2>\n<p><b>\u00c0 qui divulguons-nous vos donn\u00e9es personnelles ?<\/b><span style=\"font-weight: 400;\">  <\/span><\/p>\n<p><span style=\"font-weight: 400;\">Aucune divulgation de donn\u00e9es \u00e0 caract\u00e8re personnel \u00e0 des tiers n&rsquo;est pr\u00e9vue, \u00e0 moins qu&rsquo;elle ne soit n\u00e9cessaire au d\u00e9veloppement et \u00e0 l&rsquo;ex\u00e9cution des finalit\u00e9s du traitement. Dans ce cas, le responsable du traitement \u00e9tablira des accords de confidentialit\u00e9 avec les prestataires de services concern\u00e9s, en veillant au respect de la r\u00e9glementation en mati\u00e8re de protection de la vie priv\u00e9e.   <\/span><\/p>\n<h2> <\/h2>\n<p><b>Quels sont vos droits ?  <\/b><\/p>\n<p><span style=\"font-weight: 400;\">L&rsquo;UTILISATEUR a le droit de :  <\/span><\/p>\n<ul>\n<li style=\"font-weight: 400;\" aria-level=\"1\"><span style=\"font-weight: 400;\">Retirer son consentement \u00e0 tout moment.  <\/span><\/li>\n<li style=\"font-weight: 400;\" aria-level=\"1\"><span style=\"font-weight: 400;\">d&rsquo;acc\u00e9der, de rectifier, de transf\u00e9rer et de supprimer leurs donn\u00e9es, ainsi que de limiter leur traitement ou de s&rsquo;y opposer.  <\/span><\/li>\n<li style=\"font-weight: 400;\" aria-level=\"1\"><span style=\"font-weight: 400;\">D\u00e9poser une plainte aupr\u00e8s de l&rsquo;autorit\u00e9 de contr\u00f4le (www.aepd.es) s&rsquo;ils estiment que le traitement n&rsquo;est pas conforme \u00e0 la r\u00e9glementation en vigueur.  <\/span><\/li>\n<\/ul>\n<h2> <\/h2>\n<p><b>Contact pour l&rsquo;exercice des droits :<\/b><span style=\"font-weight: 400;\">  <\/span><\/p>\n<p><span style=\"font-weight: 400;\">I-VEO SYNERGY SC<\/span><\/p>\n<p><b>Carrer del Riu G\u00fcell 58  <\/b><\/p>\n<p><b>17001 Girona<\/b><\/p>\n<p><b>NIF : J02714822  <\/b><\/p>\n<p><span style=\"font-weight: 400;\">Courriel : info@i-veo.com  <\/span><\/p>\n<h2> <\/h2>\n<p><span style=\"font-weight: 400;\">&#8211;<\/span><\/p>\n<h2> <\/h2>\n<ol start=\"2\">\n<li><b>  LE CARACT\u00c8RE OBLIGATOIRE OU FACULTATIF DES INFORMATIONS FOURNIES PAR L&rsquo;UTILISATEUR<\/b><\/li>\n<\/ol>\n<p><span style=\"font-weight: 400;\">En remplissant les formulaires marqu\u00e9s d&rsquo;un ast\u00e9risque (*) sur la page de contact ou les formulaires de t\u00e9l\u00e9chargement, les UTILISATEURS acceptent express\u00e9ment et sans \u00e9quivoque que leurs donn\u00e9es soient n\u00e9cessaires pour r\u00e9pondre \u00e0 leur demande. L&rsquo;inclusion d&rsquo;autres donn\u00e9es est volontaire.   <\/span><\/p>\n<h2> <\/h2>\n<p><span style=\"font-weight: 400;\">L&rsquo;UTILISATEUR garantit que les donn\u00e9es personnelles fournies au CONTR\u00d4LEUR sont v\u00e9ridiques et s&rsquo;engage \u00e0 communiquer tout changement.  <\/span><\/p>\n<h2> <\/h2>\n<p><span style=\"font-weight: 400;\">Le CONTR\u00d4LEUR informe l&rsquo;UTILISATEUR que tous les champs requis sur le site web sont obligatoires, car ils sont n\u00e9cessaires \u00e0 la fourniture d&rsquo;un service optimal. Le fait de ne pas fournir ces informations peut entra\u00eener l&rsquo;impossibilit\u00e9 de r\u00e9pondre pleinement aux besoins de l&rsquo;UTILISATEUR.   <\/span><\/p>\n<h2> <\/h2>\n<p><span style=\"font-weight: 400;\">&#8211;<\/span><\/p>\n<h2> <\/h2>\n<ol start=\"3\">\n<li><b>  LES MESURES DE S\u00c9CURIT\u00c9<\/b><\/li>\n<\/ol>\n<p><span style=\"font-weight: 400;\">Conform\u00e9ment \u00e0 la r\u00e9glementation en vigueur en mati\u00e8re de protection des donn\u00e9es, le CONTR\u00d4LEUR adh\u00e8re \u00e0 toutes les dispositions \u00e9nonc\u00e9es dans le GDPR et la LOPDGDD pour le traitement des donn\u00e9es \u00e0 caract\u00e8re personnel. En particulier, le CONTR\u00d4LEUR veille \u00e0 respecter l&rsquo;article 5 du GDPR, en traitant les donn\u00e9es de mani\u00e8re licite, loyale et transparente, et en veillant \u00e0 ce que les donn\u00e9es soient ad\u00e9quates, pertinentes et limit\u00e9es \u00e0 ce qui est n\u00e9cessaire pour les finalit\u00e9s poursuivies.   <\/span><\/p>\n<h2> <\/h2>\n<p><span style=\"font-weight: 400;\">Le CONTR\u00d4LEUR garantit la mise en \u0153uvre de mesures techniques et organisationnelles appropri\u00e9es pour prot\u00e9ger les droits et libert\u00e9s des UTILISATEURS, y compris la communication ad\u00e9quate de leurs droits.  <\/span><\/p>\n<h2> <\/h2>\n<p><span style=\"font-weight: 400;\">Pour plus d&rsquo;informations sur les garanties en mati\u00e8re de protection de la vie priv\u00e9e, vous pouvez contacter le CONTR\u00d4LEUR \u00e0 l&rsquo;adresse suivante  <\/span><\/p>\n<p><span style=\"font-weight: 400;\">Courriel : Courriel : info@i-veo.com  <\/span><\/p>\n\t\t\t\t\t\t\t\t<\/div>\n\t\t\t\t<\/div>\n\t\t\t\t\t<\/div>\n\t\t\t\t<\/div>\n\t\t\t\t<\/div>\n\t\t","protected":false},"excerpt":{"rendered":"<p>Politique de confidentialit\u00e9 Accueil Politique de confidentialit\u00e9 INFORMATIONS SUR L&rsquo;UTILISATEUR Qui est responsable du traitement de vos donn\u00e9es personnelles ? I-VEO SYNERGY SC est le responsable du traitement des donn\u00e9es \u00e0 caract\u00e8re personnel de l&rsquo;UTILISATEUR. Ces donn\u00e9es seront trait\u00e9es conform\u00e9ment aux dispositions du r\u00e8glement (UE) 2016\/679 du 27 avril (GDPR) et de la loi organique [&hellip;]<\/p>\n","protected":false},"author":1,"featured_media":0,"parent":0,"menu_order":8,"comment_status":"closed","ping_status":"open","template":"","meta":{"footnotes":""},"class_list":["post-1866","page","type-page","status-publish","hentry"],"yoast_head":"<!-- This site is optimized with the Yoast SEO plugin v26.3 - https:\/\/yoast.com\/wordpress\/plugins\/seo\/ -->\n<title>Politique de confidentialit\u00e9 - I-Veo<\/title>\n<meta name=\"robots\" content=\"index, follow, max-snippet:-1, max-image-preview:large, max-video-preview:-1\" \/>\n<link rel=\"canonical\" href=\"https:\/\/i-veo.com\/privacy-policy\/\" \/>\n<meta property=\"og:locale\" content=\"fr_FR\" \/>\n<meta property=\"og:type\" content=\"article\" \/>\n<meta property=\"og:title\" content=\"Politique de confidentialit\u00e9 - I-Veo\" \/>\n<meta property=\"og:description\" content=\"Politique de confidentialit\u00e9 Accueil Politique de confidentialit\u00e9 INFORMATIONS SUR L&rsquo;UTILISATEUR Qui est responsable du traitement de vos donn\u00e9es personnelles ? I-VEO SYNERGY SC est le responsable du traitement des donn\u00e9es \u00e0 caract\u00e8re personnel de l&rsquo;UTILISATEUR. Ces donn\u00e9es seront trait\u00e9es conform\u00e9ment aux dispositions du r\u00e8glement (UE) 2016\/679 du 27 avril (GDPR) et de la loi organique [&hellip;]\" \/>\n<meta property=\"og:url\" content=\"https:\/\/i-veo.com\/privacy-policy\/\" \/>\n<meta property=\"og:site_name\" content=\"I-Veo\" \/>\n<meta property=\"article:modified_time\" content=\"2025-08-11T07:39:06+00:00\" \/>\n<meta name=\"twitter:card\" content=\"summary_large_image\" \/>\n<meta name=\"twitter:label1\" content=\"Dur\u00e9e de lecture estim\u00e9e\" \/>\n\t<meta name=\"twitter:data1\" content=\"4 minutes\" \/>\n<script type=\"application\/ld+json\" class=\"yoast-schema-graph\">{\"@context\":\"https:\/\/schema.org\",\"@graph\":[{\"@type\":\"WebPage\",\"@id\":\"https:\/\/i-veo.com\/privacy-policy\/\",\"url\":\"https:\/\/i-veo.com\/privacy-policy\/\",\"name\":\"Politique de confidentialit\u00e9 - I-Veo\",\"isPartOf\":{\"@id\":\"https:\/\/i-veo.com\/it\/#website\"},\"datePublished\":\"2024-07-29T10:43:30+00:00\",\"dateModified\":\"2025-08-11T07:39:06+00:00\",\"breadcrumb\":{\"@id\":\"https:\/\/i-veo.com\/privacy-policy\/#breadcrumb\"},\"inLanguage\":\"fr-FR\",\"potentialAction\":[{\"@type\":\"ReadAction\",\"target\":[\"https:\/\/i-veo.com\/privacy-policy\/\"]}]},{\"@type\":\"BreadcrumbList\",\"@id\":\"https:\/\/i-veo.com\/privacy-policy\/#breadcrumb\",\"itemListElement\":[{\"@type\":\"ListItem\",\"position\":1,\"name\":\"Home\",\"item\":\"https:\/\/i-veo.com\/de\/\"},{\"@type\":\"ListItem\",\"position\":2,\"name\":\"Politique de confidentialit\u00e9\"}]},{\"@type\":\"WebSite\",\"@id\":\"https:\/\/i-veo.com\/it\/#website\",\"url\":\"https:\/\/i-veo.com\/it\/\",\"name\":\"I-Veo\",\"description\":\"Id\u00e9al agora PRE\",\"publisher\":{\"@id\":\"https:\/\/i-veo.com\/it\/#organization\"},\"potentialAction\":[{\"@type\":\"SearchAction\",\"target\":{\"@type\":\"EntryPoint\",\"urlTemplate\":\"https:\/\/i-veo.com\/it\/?s={search_term_string}\"},\"query-input\":{\"@type\":\"PropertyValueSpecification\",\"valueRequired\":true,\"valueName\":\"search_term_string\"}}],\"inLanguage\":\"fr-FR\"},{\"@type\":\"Organization\",\"@id\":\"https:\/\/i-veo.com\/it\/#organization\",\"name\":\"I-Veo\",\"url\":\"https:\/\/i-veo.com\/it\/\",\"logo\":{\"@type\":\"ImageObject\",\"inLanguage\":\"fr-FR\",\"@id\":\"https:\/\/i-veo.com\/it\/#\/schema\/logo\/image\/\",\"url\":\"https:\/\/i-veo.com\/wp-content\/uploads\/2024\/09\/logo-i-veo.svg\",\"contentUrl\":\"https:\/\/i-veo.com\/wp-content\/uploads\/2024\/09\/logo-i-veo.svg\",\"width\":1092,\"height\":394,\"caption\":\"I-Veo\"},\"image\":{\"@id\":\"https:\/\/i-veo.com\/it\/#\/schema\/logo\/image\/\"}}]}<\/script>\n<!-- \/ Yoast SEO plugin. -->","yoast_head_json":{"title":"Politique de confidentialit\u00e9 - I-Veo","robots":{"index":"index","follow":"follow","max-snippet":"max-snippet:-1","max-image-preview":"max-image-preview:large","max-video-preview":"max-video-preview:-1"},"canonical":"https:\/\/i-veo.com\/privacy-policy\/","og_locale":"fr_FR","og_type":"article","og_title":"Politique de confidentialit\u00e9 - I-Veo","og_description":"Politique de confidentialit\u00e9 Accueil Politique de confidentialit\u00e9 INFORMATIONS SUR L&rsquo;UTILISATEUR Qui est responsable du traitement de vos donn\u00e9es personnelles ? I-VEO SYNERGY SC est le responsable du traitement des donn\u00e9es \u00e0 caract\u00e8re personnel de l&rsquo;UTILISATEUR. Ces donn\u00e9es seront trait\u00e9es conform\u00e9ment aux dispositions du r\u00e8glement (UE) 2016\/679 du 27 avril (GDPR) et de la loi organique [&hellip;]","og_url":"https:\/\/i-veo.com\/privacy-policy\/","og_site_name":"I-Veo","article_modified_time":"2025-08-11T07:39:06+00:00","twitter_card":"summary_large_image","twitter_misc":{"Dur\u00e9e de lecture estim\u00e9e":"4 minutes"},"schema":{"@context":"https:\/\/schema.org","@graph":[{"@type":"WebPage","@id":"https:\/\/i-veo.com\/privacy-policy\/","url":"https:\/\/i-veo.com\/privacy-policy\/","name":"Politique de confidentialit\u00e9 - I-Veo","isPartOf":{"@id":"https:\/\/i-veo.com\/it\/#website"},"datePublished":"2024-07-29T10:43:30+00:00","dateModified":"2025-08-11T07:39:06+00:00","breadcrumb":{"@id":"https:\/\/i-veo.com\/privacy-policy\/#breadcrumb"},"inLanguage":"fr-FR","potentialAction":[{"@type":"ReadAction","target":["https:\/\/i-veo.com\/privacy-policy\/"]}]},{"@type":"BreadcrumbList","@id":"https:\/\/i-veo.com\/privacy-policy\/#breadcrumb","itemListElement":[{"@type":"ListItem","position":1,"name":"Home","item":"https:\/\/i-veo.com\/de\/"},{"@type":"ListItem","position":2,"name":"Politique de confidentialit\u00e9"}]},{"@type":"WebSite","@id":"https:\/\/i-veo.com\/it\/#website","url":"https:\/\/i-veo.com\/it\/","name":"I-Veo","description":"Id\u00e9al agora PRE","publisher":{"@id":"https:\/\/i-veo.com\/it\/#organization"},"potentialAction":[{"@type":"SearchAction","target":{"@type":"EntryPoint","urlTemplate":"https:\/\/i-veo.com\/it\/?s={search_term_string}"},"query-input":{"@type":"PropertyValueSpecification","valueRequired":true,"valueName":"search_term_string"}}],"inLanguage":"fr-FR"},{"@type":"Organization","@id":"https:\/\/i-veo.com\/it\/#organization","name":"I-Veo","url":"https:\/\/i-veo.com\/it\/","logo":{"@type":"ImageObject","inLanguage":"fr-FR","@id":"https:\/\/i-veo.com\/it\/#\/schema\/logo\/image\/","url":"https:\/\/i-veo.com\/wp-content\/uploads\/2024\/09\/logo-i-veo.svg","contentUrl":"https:\/\/i-veo.com\/wp-content\/uploads\/2024\/09\/logo-i-veo.svg","width":1092,"height":394,"caption":"I-Veo"},"image":{"@id":"https:\/\/i-veo.com\/it\/#\/schema\/logo\/image\/"}}]}},"_links":{"self":[{"href":"https:\/\/i-veo.com\/fr\/wp-json\/wp\/v2\/pages\/1866","targetHints":{"allow":["GET"]}}],"collection":[{"href":"https:\/\/i-veo.com\/fr\/wp-json\/wp\/v2\/pages"}],"about":[{"href":"https:\/\/i-veo.com\/fr\/wp-json\/wp\/v2\/types\/page"}],"author":[{"embeddable":true,"href":"https:\/\/i-veo.com\/fr\/wp-json\/wp\/v2\/users\/1"}],"replies":[{"embeddable":true,"href":"https:\/\/i-veo.com\/fr\/wp-json\/wp\/v2\/comments?post=1866"}],"version-history":[{"count":5,"href":"https:\/\/i-veo.com\/fr\/wp-json\/wp\/v2\/pages\/1866\/revisions"}],"predecessor-version":[{"id":1890,"href":"https:\/\/i-veo.com\/fr\/wp-json\/wp\/v2\/pages\/1866\/revisions\/1890"}],"wp:attachment":[{"href":"https:\/\/i-veo.com\/fr\/wp-json\/wp\/v2\/media?parent=1866"}],"curies":[{"name":"wp","href":"https:\/\/api.w.org\/{rel}","templated":true}]}}