{"id":1751,"date":"2024-09-17T12:54:38","date_gmt":"2024-09-17T11:54:38","guid":{"rendered":"https:\/\/preprod.i-veo.com\/detalles-de-la-propiedad\/"},"modified":"2026-03-17T09:54:10","modified_gmt":"2026-03-17T09:54:10","slug":"detalles-de-la-propiedad","status":"publish","type":"page","link":"https:\/\/i-veo.com\/es\/detalles-de-la-propiedad\/","title":{"rendered":"Detalles de la propiedad"},"content":{"rendered":"\t\t<div data-elementor-type=\"wp-page\" data-elementor-id=\"1751\" class=\"elementor elementor-1751 elementor-240\" data-elementor-post-type=\"page\">\n\t\t\t\t<div class=\"elementor-element elementor-element-e20114c e-con-full e-flex e-con e-parent\" data-id=\"e20114c\" data-element_type=\"container\">\n\t\t\t\t<div class=\"elementor-element elementor-element-af0e68e elementor-invisible elementor-widget elementor-widget-widget-property-details\" data-id=\"af0e68e\" data-element_type=\"widget\" data-settings=\"{&quot;_animation&quot;:&quot;fadeIn&quot;}\" data-widget_type=\"widget-property-details.default\">\n\t\t\t\t<div class=\"elementor-widget-container\">\n\t\t\t\t\t<section class=\"casafari-property-details\">\n  <div class=\"container-fluid gx-0\">\n    <div class=\"row gy-4 gx-0\">\n      <div class=\"col\">\n          \n<article class=\"property__media\">\n        <div class=\"container-fluid container-iveo gx-4\">\n        <div class=\"row\">\n            <div class=\"col\">\n                <ul class=\"no-list property__media-bar\">\n                                                                                                <\/ul>\n            <\/div>\n        <\/div>\n    <\/div>\n        <\/div>\n        <\/div>\n    <\/div>\n  <\/div>\n  <div class=\"container-fluid container-iveo gx-4\">\n    <div class=\"row\">\n      <div class=\"col\">\n        <div class=\"row g-0\">\n          <div class=\"col\">\n            \n<article class=\"section property__header\">\n    <div class=\"property__title\">\n        <p class=\"property__subtitle-text\">Ref. <\/p>\n        <h1 class=\"property__title-text\"><\/h1>\n    <\/div>\n    <div class=\"property__summary\">\n        <p class=\"property__summary-location\"><\/p>\n        <div class=\"property__summary-bottom\">\n            <div class=\"property__price-wrapper\">\n                <div class=\"property__price\">\n                    Venta: <span><\/span>                <\/div>\n                <div class=\"property__share\">\n                    <label for=\"share-open-checkbox\">\n                        <span class=\"property__share-icon\"><i class=\"ph ph-share-network\"><\/i><\/span>\n                    <\/label>\n                    <input type=\"checkbox\" id=\"share-open-checkbox\">\n                    <ul class=\"no-list property__share-list\">\n                        <li><a href=\"\"><i class=\"ph-fill ph-facebook-logo\"><\/i><\/a><\/li>\n                        <li><a href=\"\"><i class=\"ph-fill ph-linkedin-logo\"><\/i><\/a><\/li>\n                        <li><a href=\"\"><i class=\"ph-fill ph-whatsapp-logo\"><\/i><\/a><\/li>\n                        <li><a href=\"\"><i class=\"ph-fill ph-x-logo\"><\/i><\/a><\/li>\n                        <li><a href=\"\"><i class=\"ph-fill ph-pinterest-logo\"><\/i><\/a><\/li>\n                    <\/ul>\n                <\/div>\n                <div class=\"property__brochure\">\n                    <a href=\"\" target=\"_blank\">\n                        <i class=\"ph ph-printer\"><\/i>\n                    <\/a>\n                <\/div>\n            <\/div>\n            <ul class=\"no-list property__summary-features\">\n                                                                                                            <\/ul>\n        <\/div>\n    <\/div>\n<\/article>\n          <\/div>\n        <\/div>\n        <div class=\"row g-0'\">\n          <div class=\"col col-md-8 col-lg-9\">\n            <div class=\"row gy-4 gx-0\">\n              <div class=\"col\">\n                              <\/div>\n            <\/div>\n            <div class=\"row gy-4 gx-0\">\n              <div class=\"col\">\n                \n              <\/div>\n            <\/div>\n            <div class=\"row gy-4 gx-0\">\n              <div class=\"col\">\n                \n              <\/div>\n            <\/div>\n            <div class=\"row gy-4 gx-0\">\n              <div class=\"col\">\n                \n              <\/div>\n            <\/div>\n          <\/div>\n          <div class=\"col col-md-4 col-lg-3\">\n            \n<article class=\"section property__sidebar\">\n    <div class=\"property__contact-form\">\n        <h3 class=\"property__contact-form-title\">More Info<\/h3>\n        \n<div class=\"wpcf7 no-js\" id=\"wpcf7-f1972-o1\" lang=\"es-ES\" dir=\"ltr\" data-wpcf7-id=\"1972\">\n<div class=\"screen-reader-response\"><p role=\"status\" aria-live=\"polite\" aria-atomic=\"true\"><\/p> <ul><\/ul><\/div>\n<form action=\"\/es\/wp-json\/wp\/v2\/pages\/1751#wpcf7-f1972-o1\" method=\"post\" class=\"wpcf7-form init wpcf7-acceptance-as-validation\" aria-label=\"Formulario de contacto\" novalidate=\"novalidate\" data-status=\"init\">\n<fieldset class=\"hidden-fields-container\"><input type=\"hidden\" name=\"_wpcf7\" value=\"1972\" \/><input type=\"hidden\" name=\"_wpcf7_version\" value=\"6.1.5\" \/><input type=\"hidden\" name=\"_wpcf7_locale\" value=\"es_ES\" \/><input type=\"hidden\" name=\"_wpcf7_unit_tag\" value=\"wpcf7-f1972-o1\" \/><input type=\"hidden\" name=\"_wpcf7_container_post\" value=\"0\" \/><input type=\"hidden\" name=\"_wpcf7_posted_data_hash\" value=\"\" \/><input type=\"hidden\" name=\"_wpcf7_recaptcha_response\" value=\"\" \/>\n<\/fieldset>\n<input class=\"wpcf7-form-control wpcf7-hidden\" id=\"property-reference\" value=\"\" type=\"hidden\" name=\"property-reference\" \/>\n<input class=\"wpcf7-form-control wpcf7-hidden\" id=\"property-id\" value=\"\" type=\"hidden\" name=\"property-id\" \/>\n<input class=\"wpcf7-form-control wpcf7-hidden\" id=\"message-placeholder\" value=\"Agent:  | Message\" type=\"hidden\" name=\"message-placeholder\" \/>\n<input class=\"wpcf7-form-control wpcf7-hidden\" id=\"lead-origin-id\" value=\"16961\" type=\"hidden\" name=\"lead-origin-id\" \/>\n<div class=\"form-group\">\n\t<div class=\"form-control\">\n\t\t<p><label class=\"sr-only\" for=\"name\">Nombre<\/label><br \/>\n<span class=\"wpcf7-form-control-wrap\" data-name=\"your-name\"><input size=\"40\" maxlength=\"400\" class=\"wpcf7-form-control wpcf7-text wpcf7-validates-as-required\" id=\"name\" aria-required=\"true\" aria-invalid=\"false\" placeholder=\"Nombre\" value=\"\" type=\"text\" name=\"your-name\" \/><\/span>\n\t\t<\/p>\n\t<\/div>\n<\/div>\n<div class=\"form-group\">\n\t<div class=\"form-control\">\n\t\t<p><label class=\"sr-only\" for=\"email\">Correo electr\u00f3nico<\/label><br \/>\n<span class=\"wpcf7-form-control-wrap\" data-name=\"your-email\"><input size=\"40\" maxlength=\"400\" class=\"wpcf7-form-control wpcf7-email wpcf7-validates-as-required wpcf7-text wpcf7-validates-as-email\" id=\"email\" autocomplete=\"email\" aria-required=\"true\" aria-invalid=\"false\" placeholder=\"Correo electr\u00f3nico\" value=\"\" type=\"email\" name=\"your-email\" \/><\/span>\n\t\t<\/p>\n\t<\/div>\n<\/div>\n<div class=\"form-group\">\n\t<div class=\"form-control\">\n\t\t<p><label class=\"sr-only\" for=\"telephone\">Tel\u00e9fono<\/label><br \/>\n<span class=\"wpcf7-form-control-wrap\" data-name=\"your-telephone\"><input size=\"40\" class=\"wpcf7-form-control wpcf7-phonetext wpcf7-validates-as-required wpcf7-text wpcf7-validates-as-phonetext\" id=\"telephone\" data-numberonly=\"true\" aria-required=\"true\" aria-invalid=\"false\" placeholder=\"Tel\u00e9fono\" value=\"\" type=\"text\" name=\"your-telephone\" \/><input type=\"hidden\" name=\"your-telephone-country-code\" class=\"wpcf7-phonetext-country-code\" \/><\/span>\n\t\t<\/p>\n\t<\/div>\n<\/div>\n<div class=\"form-group\">\n\t<div class=\"form-control\">\n\t\t<p><label class=\"sr-only\" for=\"message\">Mensaje<\/label><br \/>\n<span class=\"wpcf7-form-control-wrap\" data-name=\"your-message\"><textarea cols=\"40\" rows=\"10\" maxlength=\"2000\" class=\"wpcf7-form-control wpcf7-textarea wpcf7-validates-as-required\" id=\"message\" aria-required=\"true\" aria-invalid=\"false\" placeholder=\"Mensaje\" name=\"your-message\"><\/textarea><\/span>\n\t\t<\/p>\n\t<\/div>\n<\/div>\n<div class=\"form-group\">\n\t<p><span class=\"wpcf7-form-control-wrap\" data-name=\"your-acceptance\"><span class=\"wpcf7-form-control wpcf7-acceptance\"><span class=\"wpcf7-list-item\"><label><input type=\"checkbox\" name=\"your-acceptance\" value=\"1\" class=\"accept-terms\" id=\"accept-terms\" aria-invalid=\"false\" \/><span class=\"wpcf7-list-item-label\">Al solicitar informaci\u00f3n, autorizas a I-Veo a almacenar tus datos para informarte sobre oportunidades inmobiliarias, como se indica en nuestra <a href=\"\/privacy-policy\/\">pol\u00edtica de privacidad<\/a>.<\/span><\/label><\/span><\/span><\/span>\n\t<\/p>\n<\/div>\n<div class=\"form-group\">\n\t<div class=\"form-control\">\n\t\t<p><input class=\"wpcf7-form-control wpcf7-submit has-spinner btn btn--primary\" id=\"form-submit\" type=\"submit\" value=\"Consulta\" \/>\n\t\t<\/p>\n\t<\/div>\n<\/div><div class=\"wpcf7-response-output\" aria-hidden=\"true\"><\/div>\n<\/form>\n<\/div>\n    <\/div>\n    <\/article>          <\/div>\n        <\/div>\n        <div class=\"row g-0'\">\n          <div class=\"col\">\n            \n<article class=\"section property__related\">\n    <div class=\"row\">\n        <div class=\"col\">\n            <h2 class=\"property__related-title\">Related properties<\/h2>\n        <\/div>\n    <\/div>\n    <div class=\"row gy-4\">\n        <\/div>\n<\/div>\n          <\/div>\n        <\/div>\n      <\/div>\n    <\/div>\n  <\/div>\n<\/section>\n\t\t\t\t<\/div>\n\t\t\t\t<\/div>\n\t\t\t\t<\/div>\n\t\t\t\t<\/div>\n\t\t","protected":false},"excerpt":{"rendered":"<p>Ref. Venta: More Info Nombre Correo electr\u00f3nico Tel\u00e9fono Mensaje Al solicitar informaci\u00f3n, autorizas a I-Veo a almacenar tus datos para informarte sobre oportunidades inmobiliarias, como se indica en nuestra pol\u00edtica de privacidad. Related properties<\/p>\n","protected":false},"author":1,"featured_media":0,"parent":0,"menu_order":6,"comment_status":"closed","ping_status":"closed","template":"","meta":{"footnotes":""},"class_list":["post-1751","page","type-page","status-publish","hentry"],"yoast_head":"<!-- This site is optimized with the Yoast SEO plugin v26.3 - https:\/\/yoast.com\/wordpress\/plugins\/seo\/ -->\n<title>Detalles de la propiedad - I-VEO<\/title>\n<meta name=\"robots\" content=\"index, follow, max-snippet:-1, max-image-preview:large, max-video-preview:-1\" \/>\n<link rel=\"canonical\" href=\"https:\/\/i-veo.com\/es\/detalles-de-la-propiedad\/\" \/>\n<meta property=\"og:locale\" content=\"es_ES\" \/>\n<meta property=\"og:type\" content=\"article\" \/>\n<meta property=\"og:title\" content=\"Detalles de la propiedad - I-VEO\" \/>\n<meta property=\"og:description\" content=\"Ref. Venta: More Info Nombre Correo electr\u00f3nico Tel\u00e9fono Mensaje Al solicitar informaci\u00f3n, autorizas a I-Veo a almacenar tus datos para informarte sobre oportunidades inmobiliarias, como se indica en nuestra pol\u00edtica de privacidad. Related properties\" \/>\n<meta property=\"og:url\" content=\"https:\/\/i-veo.com\/es\/detalles-de-la-propiedad\/\" \/>\n<meta property=\"og:site_name\" content=\"I-VEO\" \/>\n<meta property=\"article:modified_time\" content=\"2026-03-17T09:54:10+00:00\" \/>\n<meta name=\"twitter:card\" content=\"summary_large_image\" \/>\n<meta name=\"twitter:label1\" content=\"Tiempo de lectura\" \/>\n\t<meta name=\"twitter:data1\" content=\"8 minutos\" \/>\n<script type=\"application\/ld+json\" class=\"yoast-schema-graph\">{\"@context\":\"https:\/\/schema.org\",\"@graph\":[{\"@type\":\"WebPage\",\"@id\":\"https:\/\/i-veo.com\/es\/detalles-de-la-propiedad\/\",\"url\":\"https:\/\/i-veo.com\/es\/detalles-de-la-propiedad\/\",\"name\":\"Detalles de la propiedad - I-VEO\",\"isPartOf\":{\"@id\":\"https:\/\/i-veo.com\/it\/#website\"},\"datePublished\":\"2024-09-17T11:54:38+00:00\",\"dateModified\":\"2026-03-17T09:54:10+00:00\",\"breadcrumb\":{\"@id\":\"https:\/\/i-veo.com\/es\/detalles-de-la-propiedad\/#breadcrumb\"},\"inLanguage\":\"es\",\"potentialAction\":[{\"@type\":\"ReadAction\",\"target\":[\"https:\/\/i-veo.com\/es\/detalles-de-la-propiedad\/\"]}]},{\"@type\":\"BreadcrumbList\",\"@id\":\"https:\/\/i-veo.com\/es\/detalles-de-la-propiedad\/#breadcrumb\",\"itemListElement\":[{\"@type\":\"ListItem\",\"position\":1,\"name\":\"Home\",\"item\":\"https:\/\/i-veo.com\/\"},{\"@type\":\"ListItem\",\"position\":2,\"name\":\"Detalles de la propiedad\"}]},{\"@type\":\"WebSite\",\"@id\":\"https:\/\/i-veo.com\/it\/#website\",\"url\":\"https:\/\/i-veo.com\/it\/\",\"name\":\"I-VEO\",\"description\":\"Synergy inmobiliaria\",\"publisher\":{\"@id\":\"https:\/\/i-veo.com\/it\/#organization\"},\"potentialAction\":[{\"@type\":\"SearchAction\",\"target\":{\"@type\":\"EntryPoint\",\"urlTemplate\":\"https:\/\/i-veo.com\/it\/?s={search_term_string}\"},\"query-input\":{\"@type\":\"PropertyValueSpecification\",\"valueRequired\":true,\"valueName\":\"search_term_string\"}}],\"inLanguage\":\"es\"},{\"@type\":\"Organization\",\"@id\":\"https:\/\/i-veo.com\/it\/#organization\",\"name\":\"I-VEO\",\"url\":\"https:\/\/i-veo.com\/it\/\",\"logo\":{\"@type\":\"ImageObject\",\"inLanguage\":\"es\",\"@id\":\"https:\/\/i-veo.com\/it\/#\/schema\/logo\/image\/\",\"url\":\"https:\/\/i-veo.com\/wp-content\/uploads\/2024\/09\/logo-i-veo.svg\",\"contentUrl\":\"https:\/\/i-veo.com\/wp-content\/uploads\/2024\/09\/logo-i-veo.svg\",\"width\":1092,\"height\":394,\"caption\":\"I-VEO\"},\"image\":{\"@id\":\"https:\/\/i-veo.com\/it\/#\/schema\/logo\/image\/\"}}]}<\/script>\n<!-- \/ Yoast SEO plugin. -->","yoast_head_json":{"title":"Detalles de la propiedad - I-VEO","robots":{"index":"index","follow":"follow","max-snippet":"max-snippet:-1","max-image-preview":"max-image-preview:large","max-video-preview":"max-video-preview:-1"},"canonical":"https:\/\/i-veo.com\/es\/detalles-de-la-propiedad\/","og_locale":"es_ES","og_type":"article","og_title":"Detalles de la propiedad - I-VEO","og_description":"Ref. Venta: More Info Nombre Correo electr\u00f3nico Tel\u00e9fono Mensaje Al solicitar informaci\u00f3n, autorizas a I-Veo a almacenar tus datos para informarte sobre oportunidades inmobiliarias, como se indica en nuestra pol\u00edtica de privacidad. Related properties","og_url":"https:\/\/i-veo.com\/es\/detalles-de-la-propiedad\/","og_site_name":"I-VEO","article_modified_time":"2026-03-17T09:54:10+00:00","twitter_card":"summary_large_image","twitter_misc":{"Tiempo de lectura":"8 minutos"},"schema":{"@context":"https:\/\/schema.org","@graph":[{"@type":"WebPage","@id":"https:\/\/i-veo.com\/es\/detalles-de-la-propiedad\/","url":"https:\/\/i-veo.com\/es\/detalles-de-la-propiedad\/","name":"Detalles de la propiedad - I-VEO","isPartOf":{"@id":"https:\/\/i-veo.com\/it\/#website"},"datePublished":"2024-09-17T11:54:38+00:00","dateModified":"2026-03-17T09:54:10+00:00","breadcrumb":{"@id":"https:\/\/i-veo.com\/es\/detalles-de-la-propiedad\/#breadcrumb"},"inLanguage":"es","potentialAction":[{"@type":"ReadAction","target":["https:\/\/i-veo.com\/es\/detalles-de-la-propiedad\/"]}]},{"@type":"BreadcrumbList","@id":"https:\/\/i-veo.com\/es\/detalles-de-la-propiedad\/#breadcrumb","itemListElement":[{"@type":"ListItem","position":1,"name":"Home","item":"https:\/\/i-veo.com\/"},{"@type":"ListItem","position":2,"name":"Detalles de la propiedad"}]},{"@type":"WebSite","@id":"https:\/\/i-veo.com\/it\/#website","url":"https:\/\/i-veo.com\/it\/","name":"I-VEO","description":"Synergy inmobiliaria","publisher":{"@id":"https:\/\/i-veo.com\/it\/#organization"},"potentialAction":[{"@type":"SearchAction","target":{"@type":"EntryPoint","urlTemplate":"https:\/\/i-veo.com\/it\/?s={search_term_string}"},"query-input":{"@type":"PropertyValueSpecification","valueRequired":true,"valueName":"search_term_string"}}],"inLanguage":"es"},{"@type":"Organization","@id":"https:\/\/i-veo.com\/it\/#organization","name":"I-VEO","url":"https:\/\/i-veo.com\/it\/","logo":{"@type":"ImageObject","inLanguage":"es","@id":"https:\/\/i-veo.com\/it\/#\/schema\/logo\/image\/","url":"https:\/\/i-veo.com\/wp-content\/uploads\/2024\/09\/logo-i-veo.svg","contentUrl":"https:\/\/i-veo.com\/wp-content\/uploads\/2024\/09\/logo-i-veo.svg","width":1092,"height":394,"caption":"I-VEO"},"image":{"@id":"https:\/\/i-veo.com\/it\/#\/schema\/logo\/image\/"}}]}},"_links":{"self":[{"href":"https:\/\/i-veo.com\/es\/wp-json\/wp\/v2\/pages\/1751","targetHints":{"allow":["GET"]}}],"collection":[{"href":"https:\/\/i-veo.com\/es\/wp-json\/wp\/v2\/pages"}],"about":[{"href":"https:\/\/i-veo.com\/es\/wp-json\/wp\/v2\/types\/page"}],"author":[{"embeddable":true,"href":"https:\/\/i-veo.com\/es\/wp-json\/wp\/v2\/users\/1"}],"replies":[{"embeddable":true,"href":"https:\/\/i-veo.com\/es\/wp-json\/wp\/v2\/comments?post=1751"}],"version-history":[{"count":4,"href":"https:\/\/i-veo.com\/es\/wp-json\/wp\/v2\/pages\/1751\/revisions"}],"predecessor-version":[{"id":3884,"href":"https:\/\/i-veo.com\/es\/wp-json\/wp\/v2\/pages\/1751\/revisions\/3884"}],"wp:attachment":[{"href":"https:\/\/i-veo.com\/es\/wp-json\/wp\/v2\/media?parent=1751"}],"curies":[{"name":"wp","href":"https:\/\/api.w.org\/{rel}","templated":true}]}}