{"id":1859,"date":"2024-07-29T11:43:30","date_gmt":"2024-07-29T10:43:30","guid":{"rendered":"https:\/\/preprod.i-veo.com\/datenschutzbestimmungen\/"},"modified":"2025-08-11T08:39:05","modified_gmt":"2025-08-11T07:39:05","slug":"datenschutzbestimmungen","status":"publish","type":"page","link":"https:\/\/i-veo.com\/de\/datenschutzbestimmungen\/","title":{"rendered":"Datenschutzbestimmungen"},"content":{"rendered":"\t\t<div data-elementor-type=\"wp-page\" data-elementor-id=\"1859\" class=\"elementor elementor-1859 elementor-3\" data-elementor-post-type=\"page\">\n\t\t\t\t<div class=\"elementor-element elementor-element-f44edf4 e-con-full e-flex e-con e-parent\" data-id=\"f44edf4\" data-element_type=\"container\" data-settings=\"{&quot;background_background&quot;:&quot;classic&quot;}\">\n\t\t<div class=\"elementor-element elementor-element-c23f806 e-flex e-con-boxed e-con e-child\" data-id=\"c23f806\" data-element_type=\"container\" data-settings=\"{&quot;background_background&quot;:&quot;classic&quot;}\">\n\t\t\t\t\t<div class=\"e-con-inner\">\n\t\t\t\t<div class=\"elementor-element elementor-element-d00dc42 elementor-widget__width-inherit elementor-invisible elementor-widget elementor-widget-heading\" data-id=\"d00dc42\" data-element_type=\"widget\" data-settings=\"{&quot;_animation&quot;:&quot;fadeIn&quot;}\" data-widget_type=\"heading.default\">\n\t\t\t\t<div class=\"elementor-widget-container\">\n\t\t\t\t\t<h2 class=\"elementor-heading-title elementor-size-default\">Datenschutzbestimmungen<\/h2>\t\t\t\t<\/div>\n\t\t\t\t<\/div>\n\t\t\t\t<div class=\"elementor-element elementor-element-6462ece elementor-icon-list--layout-inline elementor-align-left elementor-list-item-link-full_width elementor-invisible elementor-widget elementor-widget-icon-list\" data-id=\"6462ece\" data-element_type=\"widget\" data-settings=\"{&quot;_animation&quot;:&quot;fadeIn&quot;,&quot;_animation_delay&quot;:200}\" data-widget_type=\"icon-list.default\">\n\t\t\t\t<div class=\"elementor-widget-container\">\n\t\t\t\t\t\t\t<ul class=\"elementor-icon-list-items elementor-inline-items\">\n\t\t\t\t\t\t\t<li class=\"elementor-icon-list-item elementor-inline-item\">\n\t\t\t\t\t\t\t\t\t\t\t<a href=\"#\">\n\n\t\t\t\t\t\t\t\t\t\t\t<span class=\"elementor-icon-list-text\">Startseite<\/span>\n\t\t\t\t\t\t\t\t\t\t\t<\/a>\n\t\t\t\t\t\t\t\t\t<\/li>\n\t\t\t\t\t\t\t\t<li class=\"elementor-icon-list-item elementor-inline-item\">\n\t\t\t\t\t\t\t\t\t\t\t<a href=\"#\">\n\n\t\t\t\t\t\t\t\t\t\t\t\t<span class=\"elementor-icon-list-icon\">\n\t\t\t\t\t\t\t<i aria-hidden=\"true\" class=\"icon icon-arrow-right\"><\/i>\t\t\t\t\t\t<\/span>\n\t\t\t\t\t\t\t\t\t\t<span class=\"elementor-icon-list-text\">Datenschutzbestimmungen<\/span>\n\t\t\t\t\t\t\t\t\t\t\t<\/a>\n\t\t\t\t\t\t\t\t\t<\/li>\n\t\t\t\t\t\t<\/ul>\n\t\t\t\t\t\t<\/div>\n\t\t\t\t<\/div>\n\t\t\t\t\t<\/div>\n\t\t\t\t<\/div>\n\t\t\t\t<\/div>\n\t\t<div class=\"elementor-element elementor-element-1f6fec26 e-flex e-con-boxed e-con e-parent\" data-id=\"1f6fec26\" data-element_type=\"container\">\n\t\t\t\t\t<div class=\"e-con-inner\">\n\t\t\t\t<div class=\"elementor-element elementor-element-d73fa9b elementor-widget elementor-widget-text-editor\" data-id=\"d73fa9b\" data-element_type=\"widget\" data-widget_type=\"text-editor.default\">\n\t\t\t\t<div class=\"elementor-widget-container\">\n\t\t\t\t\t\t\t\t\t\n<ol>\n<li><b>BENUTZERINFORMATIONEN<\/b><\/li>\n<\/ol>\n<p><b>Wer ist f\u00fcr die Verarbeitung Ihrer pers\u00f6nlichen Daten verantwortlich?  <\/b><\/p>\n<p><span style=\"font-weight: 400;\">I-VEO SYNERGY SC ist der VERANTWORTLICHE f\u00fcr die Verarbeitung der personenbezogenen Daten des BENUTZERS. Diese Daten werden in \u00dcbereinstimmung mit den Bestimmungen der Verordnung (EU) 2016\/679 vom 27. April (GDPR) und dem Organgesetz 3\/2018 vom 5. Dezember (LOPDGDD) verarbeitet.   <\/span><\/p>\n<h2> <\/h2>\n<p><b>Warum verarbeiten wir Ihre pers\u00f6nlichen Daten?  <\/b><\/p>\n<p><span style=\"font-weight: 400;\">Zur Aufrechterhaltung einer Gesch\u00e4ftsbeziehung mit dem BENUTZER. Die beabsichtigten Verarbeitungen umfassen:   <\/span><\/p>\n<h2> <\/h2>\n<ul>\n<li style=\"font-weight: 400;\" aria-level=\"1\"><span style=\"font-weight: 400;\">Das Versenden von kommerziellen und werblichen Mitteilungen per E-Mail, Fax, SMS, MMS, soziale Netzwerke oder jedes andere gegenw\u00e4rtige oder zuk\u00fcnftige elektronische oder physische Mittel, das kommerzielle Mitteilungen erm\u00f6glicht. Diese Mitteilungen werden vom BETREIBER durchgef\u00fchrt und beziehen sich auf seine Produkte und Dienstleistungen oder die seiner Mitarbeiter oder Lieferanten, mit denen er einen Werbevertrag abgeschlossen hat. In diesem Fall haben Dritte niemals Zugang zu pers\u00f6nlichen Daten.    <\/span><\/li>\n<li style=\"font-weight: 400;\" aria-level=\"1\"><span style=\"font-weight: 400;\">Durchf\u00fchrung von Marktforschung und statistischen Analysen.  <\/span><\/li>\n<li style=\"font-weight: 400;\" aria-level=\"1\"><span style=\"font-weight: 400;\">Verwaltung von Anfragen, Beantwortung von Anfragen oder Beantwortung jeglicher Art von Anfragen, die der BENUTZER \u00fcber die auf der Website des BETREIBERS verf\u00fcgbaren Kontaktformulare stellt.  <\/span><\/li>\n<li style=\"font-weight: 400;\" aria-level=\"1\"><span style=\"font-weight: 400;\">Versenden von Newslettern \u00fcber Aktualisierungen, Angebote und Werbeaktionen im Zusammenhang mit unseren Aktivit\u00e4ten.  <\/span><\/li>\n<\/ul>\n<h2> <\/h2>\n<p><b>Was erm\u00e4chtigt uns zur Verarbeitung Ihrer pers\u00f6nlichen Daten?  <\/b><\/p>\n<p><span style=\"font-weight: 400;\">Die Verarbeitung ist gem\u00e4\u00df Artikel 6 der DSGVO wie folgt legitimiert:  <\/span><\/p>\n<ul>\n<li style=\"font-weight: 400;\" aria-level=\"1\"><span style=\"font-weight: 400;\">Mit der Zustimmung des BENUTZERS: f\u00fcr den Versand von kommerziellen Mitteilungen und Newslettern.  <\/span><\/li>\n<li style=\"font-weight: 400;\" aria-level=\"1\"><span style=\"font-weight: 400;\">Auf der Grundlage des berechtigten Interesses des BETREIBERS: f\u00fcr die Durchf\u00fchrung von Marktforschungen, statistischen Analysen und die Verwaltung der vom BENUTZER gestellten Antr\u00e4ge oder Anfragen.  <\/span><\/li>\n<\/ul>\n<h2> <\/h2>\n<p><b>Wie lange werden wir Ihre pers\u00f6nlichen Daten aufbewahren?<\/b><span style=\"font-weight: 400;\">  <\/span><\/p>\n<p><span style=\"font-weight: 400;\">Die Daten werden nicht l\u00e4nger aufbewahrt, als es f\u00fcr den Zweck der Verarbeitung erforderlich ist, oder solange gesetzliche Verpflichtungen die Aufbewahrung erfordern. Sobald sie nicht mehr erforderlich sind, werden die Daten sicher gel\u00f6scht oder anonymisiert.   <\/span><\/p>\n<h2> <\/h2>\n<p><b>An wen geben wir Ihre pers\u00f6nlichen Daten weiter?<\/b><span style=\"font-weight: 400;\">  <\/span><\/p>\n<p><span style=\"font-weight: 400;\">Eine Weitergabe personenbezogener Daten an Dritte ist nicht vorgesehen, es sei denn, sie ist f\u00fcr die Entwicklung und Ausf\u00fchrung der Zwecke der Verarbeitung erforderlich. In solchen F\u00e4llen wird der CONTROLLER mit den entsprechenden Dienstleistern Vertraulichkeitsvereinbarungen abschlie\u00dfen, die die Einhaltung der Datenschutzbestimmungen gew\u00e4hrleisten.   <\/span><\/p>\n<h2> <\/h2>\n<p><b>Was sind Ihre Rechte?  <\/b><\/p>\n<p><span style=\"font-weight: 400;\">Der BENUTZER hat das Recht zu:  <\/span><\/p>\n<ul>\n<li style=\"font-weight: 400;\" aria-level=\"1\"><span style=\"font-weight: 400;\">Sie k\u00f6nnen Ihre Zustimmung jederzeit widerrufen.  <\/span><\/li>\n<li style=\"font-weight: 400;\" aria-level=\"1\"><span style=\"font-weight: 400;\">Zugang, Berichtigung, \u00dcbertragung und L\u00f6schung ihrer Daten sowie die Einschr\u00e4nkung oder den Einspruch gegen deren Verarbeitung.  <\/span><\/li>\n<li style=\"font-weight: 400;\" aria-level=\"1\"><span style=\"font-weight: 400;\">eine Beschwerde bei der Aufsichtsbeh\u00f6rde (www.aepd.es) einreichen, wenn sie der Meinung sind, dass die Verarbeitung nicht den geltenden Vorschriften entspricht.  <\/span><\/li>\n<\/ul>\n<h2> <\/h2>\n<p><b>Kontakt f\u00fcr die Aus\u00fcbung der Rechte:<\/b><span style=\"font-weight: 400;\">  <\/span><\/p>\n<p><span style=\"font-weight: 400;\">I-VEO SYNERGY SC<\/span><\/p>\n<p><b>Carrer del Riu G\u00fcell 58  <\/b><\/p>\n<p><b>17001 Girona<\/b><\/p>\n<p><b>NIF: J02714822  <\/b><\/p>\n<p><span style=\"font-weight: 400;\">E-Mail: info@i-veo.com  <\/span><\/p>\n<h2> <\/h2>\n<p><span style=\"font-weight: 400;\">&#8211;<\/span><\/p>\n<h2> <\/h2>\n<ol start=\"2\">\n<li><b>  OBLIGATORISCHER ODER FAKULTATIVER CHARAKTER DER VOM BENUTZER BEREITGESTELLTEN INFORMATIONEN<\/b><\/li>\n<\/ol>\n<p><span style=\"font-weight: 400;\">BENUTZER erkl\u00e4ren sich durch das Ausf\u00fcllen der mit einem Sternchen (*) gekennzeichneten Formulare auf der Kontaktseite oder der Download-Formulare ausdr\u00fccklich und unmissverst\u00e4ndlich damit einverstanden, dass ihre Daten f\u00fcr die Erf\u00fcllung ihrer Anfrage erforderlich sind. Die Angabe anderer Daten ist freiwillig.   <\/span><\/p>\n<h2> <\/h2>\n<p><span style=\"font-weight: 400;\">Der BENUTZER garantiert, dass die dem VERWALTER zur Verf\u00fcgung gestellten pers\u00f6nlichen Daten der Wahrheit entsprechen und erkl\u00e4rt sich bereit, alle \u00c4nderungen mitzuteilen.  <\/span><\/p>\n<h2> <\/h2>\n<p><span style=\"font-weight: 400;\">Der CONTROLLER weist die BENUTZER darauf hin, dass alle Pflichtfelder auf der Website obligatorisch sind, da sie f\u00fcr die Bereitstellung eines optimalen Service erforderlich sind. Die Nichtbereitstellung dieser Informationen kann dazu f\u00fchren, dass die Bed\u00fcrfnisse des BENUTZERS nicht vollst\u00e4ndig erf\u00fcllt werden k\u00f6nnen.   <\/span><\/p>\n<h2> <\/h2>\n<p><span style=\"font-weight: 400;\">&#8211;<\/span><\/p>\n<h2> <\/h2>\n<ol start=\"3\">\n<li><b>  SICHERHEITSMASSNAHMEN<\/b><\/li>\n<\/ol>\n<p><span style=\"font-weight: 400;\">In \u00dcbereinstimmung mit den geltenden Datenschutzbestimmungen h\u00e4lt sich der CONTROLLER an alle Bestimmungen, die in der GDPR und der LOPDGDD f\u00fcr die Verarbeitung personenbezogener Daten aufgef\u00fchrt sind. Insbesondere sorgt der CONTROLLER f\u00fcr die Einhaltung von Artikel 5 der DSGVO, indem er Daten rechtm\u00e4\u00dfig, fair und transparent verarbeitet und sicherstellt, dass die Daten angemessen, relevant und auf das f\u00fcr die Zwecke erforderliche Ma\u00df beschr\u00e4nkt sind.   <\/span><\/p>\n<h2> <\/h2>\n<p><span style=\"font-weight: 400;\">Der VERANTWORTLICHE garantiert die Umsetzung angemessener technischer und organisatorischer Ma\u00dfnahmen zum Schutz der Rechte und Freiheiten der BENUTZER, einschlie\u00dflich der ordnungsgem\u00e4\u00dfen Mitteilung ihrer Rechte.  <\/span><\/p>\n<h2> <\/h2>\n<p><span style=\"font-weight: 400;\">F\u00fcr weitere Informationen \u00fcber Datenschutzgarantien k\u00f6nnen Sie den CONTROLLER unter folgender Adresse kontaktieren:  <\/span><\/p>\n<p><span style=\"font-weight: 400;\">E-Mail: E-Mail: info@i-veo.com  <\/span><\/p>\n\t\t\t\t\t\t\t\t<\/div>\n\t\t\t\t<\/div>\n\t\t\t\t\t<\/div>\n\t\t\t\t<\/div>\n\t\t\t\t<\/div>\n\t\t","protected":false},"excerpt":{"rendered":"<p>Datenschutzbestimmungen Startseite Datenschutzbestimmungen BENUTZERINFORMATIONEN Wer ist f\u00fcr die Verarbeitung Ihrer pers\u00f6nlichen Daten verantwortlich? I-VEO SYNERGY SC ist der VERANTWORTLICHE f\u00fcr die Verarbeitung der personenbezogenen Daten des BENUTZERS. Diese Daten werden in \u00dcbereinstimmung mit den Bestimmungen der Verordnung (EU) 2016\/679 vom 27. April (GDPR) und dem Organgesetz 3\/2018 vom 5. Dezember (LOPDGDD) verarbeitet. Warum verarbeiten wir [&hellip;]<\/p>\n","protected":false},"author":1,"featured_media":0,"parent":0,"menu_order":8,"comment_status":"closed","ping_status":"open","template":"","meta":{"footnotes":""},"class_list":["post-1859","page","type-page","status-publish","hentry"],"yoast_head":"<!-- This site is optimized with the Yoast SEO plugin v26.3 - https:\/\/yoast.com\/wordpress\/plugins\/seo\/ -->\n<title>Datenschutzbestimmungen - I-Veo<\/title>\n<meta name=\"robots\" content=\"index, follow, max-snippet:-1, max-image-preview:large, max-video-preview:-1\" \/>\n<link rel=\"canonical\" href=\"https:\/\/i-veo.com\/privacy-policy\/\" \/>\n<meta property=\"og:locale\" content=\"de_DE\" \/>\n<meta property=\"og:type\" content=\"article\" \/>\n<meta property=\"og:title\" content=\"Datenschutzbestimmungen - I-Veo\" \/>\n<meta property=\"og:description\" content=\"Datenschutzbestimmungen Startseite Datenschutzbestimmungen BENUTZERINFORMATIONEN Wer ist f\u00fcr die Verarbeitung Ihrer pers\u00f6nlichen Daten verantwortlich? I-VEO SYNERGY SC ist der VERANTWORTLICHE f\u00fcr die Verarbeitung der personenbezogenen Daten des BENUTZERS. Diese Daten werden in \u00dcbereinstimmung mit den Bestimmungen der Verordnung (EU) 2016\/679 vom 27. April (GDPR) und dem Organgesetz 3\/2018 vom 5. Dezember (LOPDGDD) verarbeitet. Warum verarbeiten wir [&hellip;]\" \/>\n<meta property=\"og:url\" content=\"https:\/\/i-veo.com\/privacy-policy\/\" \/>\n<meta property=\"og:site_name\" content=\"I-Veo\" \/>\n<meta property=\"article:modified_time\" content=\"2025-08-11T07:39:05+00:00\" \/>\n<meta name=\"twitter:card\" content=\"summary_large_image\" \/>\n<meta name=\"twitter:label1\" content=\"Gesch\u00e4tzte Lesezeit\" \/>\n\t<meta name=\"twitter:data1\" content=\"3\u00a0Minuten\" \/>\n<script type=\"application\/ld+json\" class=\"yoast-schema-graph\">{\"@context\":\"https:\/\/schema.org\",\"@graph\":[{\"@type\":\"WebPage\",\"@id\":\"https:\/\/i-veo.com\/privacy-policy\/\",\"url\":\"https:\/\/i-veo.com\/privacy-policy\/\",\"name\":\"Datenschutzbestimmungen - I-Veo\",\"isPartOf\":{\"@id\":\"https:\/\/i-veo.com\/it\/#website\"},\"datePublished\":\"2024-07-29T10:43:30+00:00\",\"dateModified\":\"2025-08-11T07:39:05+00:00\",\"breadcrumb\":{\"@id\":\"https:\/\/i-veo.com\/privacy-policy\/#breadcrumb\"},\"inLanguage\":\"de\",\"potentialAction\":[{\"@type\":\"ReadAction\",\"target\":[\"https:\/\/i-veo.com\/privacy-policy\/\"]}]},{\"@type\":\"BreadcrumbList\",\"@id\":\"https:\/\/i-veo.com\/privacy-policy\/#breadcrumb\",\"itemListElement\":[{\"@type\":\"ListItem\",\"position\":1,\"name\":\"Home\",\"item\":\"https:\/\/i-veo.com\/\"},{\"@type\":\"ListItem\",\"position\":2,\"name\":\"Datenschutzbestimmungen\"}]},{\"@type\":\"WebSite\",\"@id\":\"https:\/\/i-veo.com\/it\/#website\",\"url\":\"https:\/\/i-veo.com\/it\/\",\"name\":\"I-Veo\",\"description\":\"Ideale Agora PRE\",\"publisher\":{\"@id\":\"https:\/\/i-veo.com\/it\/#organization\"},\"potentialAction\":[{\"@type\":\"SearchAction\",\"target\":{\"@type\":\"EntryPoint\",\"urlTemplate\":\"https:\/\/i-veo.com\/it\/?s={search_term_string}\"},\"query-input\":{\"@type\":\"PropertyValueSpecification\",\"valueRequired\":true,\"valueName\":\"search_term_string\"}}],\"inLanguage\":\"de\"},{\"@type\":\"Organization\",\"@id\":\"https:\/\/i-veo.com\/it\/#organization\",\"name\":\"I-Veo\",\"url\":\"https:\/\/i-veo.com\/it\/\",\"logo\":{\"@type\":\"ImageObject\",\"inLanguage\":\"de\",\"@id\":\"https:\/\/i-veo.com\/it\/#\/schema\/logo\/image\/\",\"url\":\"https:\/\/i-veo.com\/wp-content\/uploads\/2024\/09\/logo-i-veo.svg\",\"contentUrl\":\"https:\/\/i-veo.com\/wp-content\/uploads\/2024\/09\/logo-i-veo.svg\",\"width\":1092,\"height\":394,\"caption\":\"I-Veo\"},\"image\":{\"@id\":\"https:\/\/i-veo.com\/it\/#\/schema\/logo\/image\/\"}}]}<\/script>\n<!-- \/ Yoast SEO plugin. -->","yoast_head_json":{"title":"Datenschutzbestimmungen - I-Veo","robots":{"index":"index","follow":"follow","max-snippet":"max-snippet:-1","max-image-preview":"max-image-preview:large","max-video-preview":"max-video-preview:-1"},"canonical":"https:\/\/i-veo.com\/privacy-policy\/","og_locale":"de_DE","og_type":"article","og_title":"Datenschutzbestimmungen - I-Veo","og_description":"Datenschutzbestimmungen Startseite Datenschutzbestimmungen BENUTZERINFORMATIONEN Wer ist f\u00fcr die Verarbeitung Ihrer pers\u00f6nlichen Daten verantwortlich? I-VEO SYNERGY SC ist der VERANTWORTLICHE f\u00fcr die Verarbeitung der personenbezogenen Daten des BENUTZERS. Diese Daten werden in \u00dcbereinstimmung mit den Bestimmungen der Verordnung (EU) 2016\/679 vom 27. April (GDPR) und dem Organgesetz 3\/2018 vom 5. Dezember (LOPDGDD) verarbeitet. Warum verarbeiten wir [&hellip;]","og_url":"https:\/\/i-veo.com\/privacy-policy\/","og_site_name":"I-Veo","article_modified_time":"2025-08-11T07:39:05+00:00","twitter_card":"summary_large_image","twitter_misc":{"Gesch\u00e4tzte Lesezeit":"3\u00a0Minuten"},"schema":{"@context":"https:\/\/schema.org","@graph":[{"@type":"WebPage","@id":"https:\/\/i-veo.com\/privacy-policy\/","url":"https:\/\/i-veo.com\/privacy-policy\/","name":"Datenschutzbestimmungen - I-Veo","isPartOf":{"@id":"https:\/\/i-veo.com\/it\/#website"},"datePublished":"2024-07-29T10:43:30+00:00","dateModified":"2025-08-11T07:39:05+00:00","breadcrumb":{"@id":"https:\/\/i-veo.com\/privacy-policy\/#breadcrumb"},"inLanguage":"de","potentialAction":[{"@type":"ReadAction","target":["https:\/\/i-veo.com\/privacy-policy\/"]}]},{"@type":"BreadcrumbList","@id":"https:\/\/i-veo.com\/privacy-policy\/#breadcrumb","itemListElement":[{"@type":"ListItem","position":1,"name":"Home","item":"https:\/\/i-veo.com\/"},{"@type":"ListItem","position":2,"name":"Datenschutzbestimmungen"}]},{"@type":"WebSite","@id":"https:\/\/i-veo.com\/it\/#website","url":"https:\/\/i-veo.com\/it\/","name":"I-Veo","description":"Ideale Agora PRE","publisher":{"@id":"https:\/\/i-veo.com\/it\/#organization"},"potentialAction":[{"@type":"SearchAction","target":{"@type":"EntryPoint","urlTemplate":"https:\/\/i-veo.com\/it\/?s={search_term_string}"},"query-input":{"@type":"PropertyValueSpecification","valueRequired":true,"valueName":"search_term_string"}}],"inLanguage":"de"},{"@type":"Organization","@id":"https:\/\/i-veo.com\/it\/#organization","name":"I-Veo","url":"https:\/\/i-veo.com\/it\/","logo":{"@type":"ImageObject","inLanguage":"de","@id":"https:\/\/i-veo.com\/it\/#\/schema\/logo\/image\/","url":"https:\/\/i-veo.com\/wp-content\/uploads\/2024\/09\/logo-i-veo.svg","contentUrl":"https:\/\/i-veo.com\/wp-content\/uploads\/2024\/09\/logo-i-veo.svg","width":1092,"height":394,"caption":"I-Veo"},"image":{"@id":"https:\/\/i-veo.com\/it\/#\/schema\/logo\/image\/"}}]}},"_links":{"self":[{"href":"https:\/\/i-veo.com\/de\/wp-json\/wp\/v2\/pages\/1859","targetHints":{"allow":["GET"]}}],"collection":[{"href":"https:\/\/i-veo.com\/de\/wp-json\/wp\/v2\/pages"}],"about":[{"href":"https:\/\/i-veo.com\/de\/wp-json\/wp\/v2\/types\/page"}],"author":[{"embeddable":true,"href":"https:\/\/i-veo.com\/de\/wp-json\/wp\/v2\/users\/1"}],"replies":[{"embeddable":true,"href":"https:\/\/i-veo.com\/de\/wp-json\/wp\/v2\/comments?post=1859"}],"version-history":[{"count":7,"href":"https:\/\/i-veo.com\/de\/wp-json\/wp\/v2\/pages\/1859\/revisions"}],"predecessor-version":[{"id":1888,"href":"https:\/\/i-veo.com\/de\/wp-json\/wp\/v2\/pages\/1859\/revisions\/1888"}],"wp:attachment":[{"href":"https:\/\/i-veo.com\/de\/wp-json\/wp\/v2\/media?parent=1859"}],"curies":[{"name":"wp","href":"https:\/\/api.w.org\/{rel}","templated":true}]}}