{"id":1883,"date":"2024-07-29T11:43:30","date_gmt":"2024-07-29T10:43:30","guid":{"rendered":"https:\/\/preprod.i-veo.com\/politica-de-privacitat\/"},"modified":"2025-08-11T08:39:06","modified_gmt":"2025-08-11T07:39:06","slug":"politica-de-privacitat","status":"publish","type":"page","link":"https:\/\/i-veo.com\/ca\/politica-de-privacitat\/","title":{"rendered":"Pol\u00edtica de privacitat"},"content":{"rendered":"\t\t<div data-elementor-type=\"wp-page\" data-elementor-id=\"1883\" class=\"elementor elementor-1883 elementor-3\" data-elementor-post-type=\"page\">\n\t\t\t\t<div class=\"elementor-element elementor-element-f44edf4 e-con-full e-flex e-con e-parent\" data-id=\"f44edf4\" data-element_type=\"container\" data-settings=\"{&quot;background_background&quot;:&quot;classic&quot;}\">\n\t\t<div class=\"elementor-element elementor-element-c23f806 e-flex e-con-boxed e-con e-child\" data-id=\"c23f806\" data-element_type=\"container\" data-settings=\"{&quot;background_background&quot;:&quot;classic&quot;}\">\n\t\t\t\t\t<div class=\"e-con-inner\">\n\t\t\t\t<div class=\"elementor-element elementor-element-d00dc42 elementor-widget__width-inherit elementor-invisible elementor-widget elementor-widget-heading\" data-id=\"d00dc42\" data-element_type=\"widget\" data-settings=\"{&quot;_animation&quot;:&quot;fadeIn&quot;}\" data-widget_type=\"heading.default\">\n\t\t\t\t<div class=\"elementor-widget-container\">\n\t\t\t\t\t<h2 class=\"elementor-heading-title elementor-size-default\">Pol\u00edtica de privacitat<\/h2>\t\t\t\t<\/div>\n\t\t\t\t<\/div>\n\t\t\t\t<div class=\"elementor-element elementor-element-6462ece elementor-icon-list--layout-inline elementor-align-left elementor-list-item-link-full_width elementor-invisible elementor-widget elementor-widget-icon-list\" data-id=\"6462ece\" data-element_type=\"widget\" data-settings=\"{&quot;_animation&quot;:&quot;fadeIn&quot;,&quot;_animation_delay&quot;:200}\" data-widget_type=\"icon-list.default\">\n\t\t\t\t<div class=\"elementor-widget-container\">\n\t\t\t\t\t\t\t<ul class=\"elementor-icon-list-items elementor-inline-items\">\n\t\t\t\t\t\t\t<li class=\"elementor-icon-list-item elementor-inline-item\">\n\t\t\t\t\t\t\t\t\t\t\t<a href=\"#\">\n\n\t\t\t\t\t\t\t\t\t\t\t<span class=\"elementor-icon-list-text\">Inici<\/span>\n\t\t\t\t\t\t\t\t\t\t\t<\/a>\n\t\t\t\t\t\t\t\t\t<\/li>\n\t\t\t\t\t\t\t\t<li class=\"elementor-icon-list-item elementor-inline-item\">\n\t\t\t\t\t\t\t\t\t\t\t<a href=\"#\">\n\n\t\t\t\t\t\t\t\t\t\t\t\t<span class=\"elementor-icon-list-icon\">\n\t\t\t\t\t\t\t<i aria-hidden=\"true\" class=\"icon icon-arrow-right\"><\/i>\t\t\t\t\t\t<\/span>\n\t\t\t\t\t\t\t\t\t\t<span class=\"elementor-icon-list-text\">Pol\u00edtica de privacitat<\/span>\n\t\t\t\t\t\t\t\t\t\t\t<\/a>\n\t\t\t\t\t\t\t\t\t<\/li>\n\t\t\t\t\t\t<\/ul>\n\t\t\t\t\t\t<\/div>\n\t\t\t\t<\/div>\n\t\t\t\t\t<\/div>\n\t\t\t\t<\/div>\n\t\t\t\t<\/div>\n\t\t<div class=\"elementor-element elementor-element-1f6fec26 e-flex e-con-boxed e-con e-parent\" data-id=\"1f6fec26\" data-element_type=\"container\">\n\t\t\t\t\t<div class=\"e-con-inner\">\n\t\t\t\t<div class=\"elementor-element elementor-element-d73fa9b elementor-widget elementor-widget-text-editor\" data-id=\"d73fa9b\" data-element_type=\"widget\" data-widget_type=\"text-editor.default\">\n\t\t\t\t<div class=\"elementor-widget-container\">\n\t\t\t\t\t\t\t\t\t\n<ol>\n<li><b>INFORMACI\u00d3 DE L&#8217;USUARI<\/b><\/li>\n<\/ol>\n<p><b>Qui \u00e9s el responsable del tractament de les vostres dades personals?  <\/b><\/p>\n<p><span style=\"font-weight: 400;\">I-VEO SYNERGY SC \u00e9s el RESPONSABLE del tractament de les dades personals de l&#8217;USUARI. Aquestes dades seran tractades de conformitat amb el que estableix el Reglament (UE) 2016\/679 de 27 d&#8217;abril (RGPD) i la Llei Org\u00e0nica 3\/2018 de 5 de desembre (LOPDGDD).   <\/span><\/p>\n<h2> <\/h2>\n<p><b>Per qu\u00e8 processem les vostres dades personals?  <\/b><\/p>\n<p><span style=\"font-weight: 400;\">Mantenir una relaci\u00f3 comercial amb l&#8217;USUARI. Les operacions de tractament previstes inclouen:   <\/span><\/p>\n<h2> <\/h2>\n<ul>\n<li style=\"font-weight: 400;\" aria-level=\"1\"><span style=\"font-weight: 400;\">Enviament de comunicacions comercials i publicit\u00e0ries per correu electr\u00f2nic, fax, SMS, MMS, xarxes socials, o qualsevol altre mitj\u00e0 electr\u00f2nic o f\u00edsic, present o futur, que permeti realitzar comunicacions comercials. Aquestes comunicacions seran realitzades pel RESPONSABLE i estaran relacionades amb els seus productes i serveis, o els dels seus col\u00b7laboradors o prove\u00efdors, amb els quals tingui un acord de promoci\u00f3. En aquest cas, els tercers mai tindran acc\u00e9s a les dades personals.    <\/span><\/li>\n<li style=\"font-weight: 400;\" aria-level=\"1\"><span style=\"font-weight: 400;\">Realitzaci\u00f3 d&#8217;estudis de mercat i an\u00e0lisis estad\u00edstiques.  <\/span><\/li>\n<li style=\"font-weight: 400;\" aria-level=\"1\"><span style=\"font-weight: 400;\">Gestionar sol\u00b7licituds, respondre a consultes o atendre qualsevol tipus de sol\u00b7licitud realitzada per l&#8217;USUARI a trav\u00e9s dels formularis de contacte disponibles al lloc web del RESPONSABLE.  <\/span><\/li>\n<li style=\"font-weight: 400;\" aria-level=\"1\"><span style=\"font-weight: 400;\">Enviament de butlletins informatius sobre actualitzacions, ofertes i promocions relacionades amb les nostres activitats.  <\/span><\/li>\n<\/ul>\n<h2> <\/h2>\n<p><b>Qu\u00e8 ens autoritza a processar les vostres dades personals?  <\/b><\/p>\n<p><span style=\"font-weight: 400;\">El tractament est\u00e0 legitimat en virtut de l&#8217;article 6 del RGPD de la manera seg\u00fcent:  <\/span><\/p>\n<ul>\n<li style=\"font-weight: 400;\" aria-level=\"1\"><span style=\"font-weight: 400;\">Amb el consentiment de l&#8217;USUARI: per a l&#8217;enviament de comunicacions comercials i butlletins informatius.  <\/span><\/li>\n<li style=\"font-weight: 400;\" aria-level=\"1\"><span style=\"font-weight: 400;\">En funci\u00f3 de l&#8217;inter\u00e8s leg\u00edtim del RESPONSABLE: per a la realitzaci\u00f3 d&#8217;estudis de mercat, an\u00e0lisis estad\u00edstiques i la gesti\u00f3 de sol\u00b7licituds o consultes realitzades per l&#8217;USUARI.  <\/span><\/li>\n<\/ul>\n<h2> <\/h2>\n<p><b>Quant de temps conservarem les vostres dades personals?<\/b><span style=\"font-weight: 400;\">  <\/span><\/p>\n<p><span style=\"font-weight: 400;\">Les dades no es conservaran m\u00e9s temps del necessari per mantenir la finalitat del tractament o mentre les obligacions legals ho exigeixin. Un cop ja no siguin necess\u00e0ries, les dades s&#8217;eliminaran de manera segura o s&#8217;anonimitzaran.   <\/span><\/p>\n<h2> <\/h2>\n<p><b>A qui divulguem les vostres dades personals?<\/b><span style=\"font-weight: 400;\">  <\/span><\/p>\n<p><span style=\"font-weight: 400;\">No es preveu la divulgaci\u00f3 de dades personals a tercers, llevat que sigui necessari per al desenvolupament i l&#8217;execuci\u00f3 de les finalitats del tractament. En aquests casos, el RESPONSABLE establir\u00e0 acords de confidencialitat amb els prove\u00efdors de serveis pertinents, garantint el compliment de les normes de privacitat.   <\/span><\/p>\n<h2> <\/h2>\n<p><b>Quins s\u00f3n els teus drets?  <\/b><\/p>\n<p><span style=\"font-weight: 400;\">L&#8217;USUARI t\u00e9 dret a:  <\/span><\/p>\n<ul>\n<li style=\"font-weight: 400;\" aria-level=\"1\"><span style=\"font-weight: 400;\">Retirar el consentiment en qualsevol moment.  <\/span><\/li>\n<li style=\"font-weight: 400;\" aria-level=\"1\"><span style=\"font-weight: 400;\">Accedir, rectificar, portar i suprimir les seves dades, aix\u00ed com limitar-ne el tractament o oposar-se-hi.  <\/span><\/li>\n<li style=\"font-weight: 400;\" aria-level=\"1\"><span style=\"font-weight: 400;\">Presentar una reclamaci\u00f3 davant l&#8217;autoritat de control (www.aepd.es) si considera que el tractament no s&#8217;ajusta a la normativa vigent.  <\/span><\/li>\n<\/ul>\n<h2> <\/h2>\n<p><b>Contacte per exercir els drets:<\/b><span style=\"font-weight: 400;\">  <\/span><\/p>\n<p><span style=\"font-weight: 400;\">I-VEO SYNERGY SC<\/span><\/p>\n<p><b>Carrer del Riu G\u00fcell, 58  <\/b><\/p>\n<p><b>17001 Girona<\/b><\/p>\n<p><b>NIF: J02714822  <\/b><\/p>\n<p><span style=\"font-weight: 400;\">Correu electr\u00f2nic: info@i-veo.com  <\/span><\/p>\n<h2> <\/h2>\n<p><span style=\"font-weight: 400;\">\u2014<\/span><\/p>\n<h2> <\/h2>\n<ol start=\"2\">\n<li><b>  CAR\u00c0CTER OBLIGATORI O FACULTATIU DE LA INFORMACI\u00d3 FACILITADA PER L&#8217;USUARI<\/b><\/li>\n<\/ol>\n<p><span style=\"font-weight: 400;\">Els USUARIS, mitjan\u00e7ant l&#8217;emplenament dels formularis marcats amb un asterisc (*) a la p\u00e0gina de contacte o formularis de desc\u00e0rrega, accepten expressament i inequ\u00edvocament que les seves dades s\u00f3n necess\u00e0ries per al compliment de la seva sol\u00b7licitud. La inclusi\u00f3 d&#8217;altres dades \u00e9s volunt\u00e0ria.   <\/span><\/p>\n<h2> <\/h2>\n<p><span style=\"font-weight: 400;\">L&#8217;USUARI garanteix que les dades personals facilitades al RESPONSABLE s\u00f3n veraces i es compromet a comunicar-li qualsevol modificaci\u00f3.  <\/span><\/p>\n<h2> <\/h2>\n<p><span style=\"font-weight: 400;\">El RESPONSABLE informa als USUARIS que tots els camps obligatoris del lloc web s\u00f3n obligatoris, ja que s\u00f3n necessaris per a la prestaci\u00f3 d&#8217;un servei \u00f2ptim. Si no es faciliten aquestes dades, es pot impedir que l&#8217;USUARI pugui satisfer completament les seves necessitats.   <\/span><\/p>\n<h2> <\/h2>\n<p><span style=\"font-weight: 400;\">\u2014<\/span><\/p>\n<h2> <\/h2>\n<ol start=\"3\">\n<li><b>  MESURES DE SEGURETAT<\/b><\/li>\n<\/ol>\n<p><span style=\"font-weight: 400;\">En compliment amb la normativa vigent en mat\u00e8ria de protecci\u00f3 de dades, el RESPONSABLE compleix amb totes les disposicions previstes en el RGPD i la LOPDGDD per al tractament de dades personals. En concret, el RESPONSABLE garanteix el compliment de l&#8217;article 5 del RGPD, tractant les dades de manera l\u00edcita, justa i transparent, i garantint que les dades siguin adequades, pertinents i limitades al que \u00e9s necessari per als seus fins.   <\/span><\/p>\n<h2> <\/h2>\n<p><span style=\"font-weight: 400;\">El RESPONSABLE garanteix la implementaci\u00f3 de mesures t\u00e8cniques i organitzatives apropiades per protegir els drets i les llibertats dels USUARIS, inclosa la comunicaci\u00f3 adequada dels seus drets.  <\/span><\/p>\n<h2> <\/h2>\n<p><span style=\"font-weight: 400;\">Per a m\u00e9s informaci\u00f3 sobre les garanties de privacitat, podeu contactar amb el RESPONSABLE a:  <\/span><\/p>\n<p><span style=\"font-weight: 400;\">Correu electr\u00f2nic: Correu electr\u00f2nic: info@i-veo.com  <\/span><\/p>\n\t\t\t\t\t\t\t\t<\/div>\n\t\t\t\t<\/div>\n\t\t\t\t\t<\/div>\n\t\t\t\t<\/div>\n\t\t\t\t<\/div>\n\t\t","protected":false},"excerpt":{"rendered":"<p>Pol\u00edtica de privacitat Inici Pol\u00edtica de privacitat INFORMACI\u00d3 DE L&#8217;USUARI Qui \u00e9s el responsable del tractament de les vostres dades personals? I-VEO SYNERGY SC \u00e9s el RESPONSABLE del tractament de les dades personals de l&#8217;USUARI. Aquestes dades seran tractades de conformitat amb el que estableix el Reglament (UE) 2016\/679 de 27 d&#8217;abril (RGPD) i la [&hellip;]<\/p>\n","protected":false},"author":1,"featured_media":0,"parent":0,"menu_order":8,"comment_status":"closed","ping_status":"open","template":"","meta":{"footnotes":""},"class_list":["post-1883","page","type-page","status-publish","hentry"],"yoast_head":"<!-- This site is optimized with the Yoast SEO plugin v26.3 - https:\/\/yoast.com\/wordpress\/plugins\/seo\/ -->\n<title>Pol\u00edtica de privacitat - I-Veo<\/title>\n<meta name=\"robots\" content=\"index, follow, max-snippet:-1, max-image-preview:large, max-video-preview:-1\" \/>\n<link rel=\"canonical\" href=\"https:\/\/i-veo.com\/privacy-policy\/\" \/>\n<meta property=\"og:locale\" content=\"ca_ES\" \/>\n<meta property=\"og:type\" content=\"article\" \/>\n<meta property=\"og:title\" content=\"Pol\u00edtica de privacitat - I-Veo\" \/>\n<meta property=\"og:description\" content=\"Pol\u00edtica de privacitat Inici Pol\u00edtica de privacitat INFORMACI\u00d3 DE L&#8217;USUARI Qui \u00e9s el responsable del tractament de les vostres dades personals? I-VEO SYNERGY SC \u00e9s el RESPONSABLE del tractament de les dades personals de l&#8217;USUARI. Aquestes dades seran tractades de conformitat amb el que estableix el Reglament (UE) 2016\/679 de 27 d&#8217;abril (RGPD) i la [&hellip;]\" \/>\n<meta property=\"og:url\" content=\"https:\/\/i-veo.com\/privacy-policy\/\" \/>\n<meta property=\"og:site_name\" content=\"I-Veo\" \/>\n<meta property=\"article:modified_time\" content=\"2025-08-11T07:39:06+00:00\" \/>\n<meta name=\"twitter:card\" content=\"summary_large_image\" \/>\n<meta name=\"twitter:label1\" content=\"Temps estimat de lectura\" \/>\n\t<meta name=\"twitter:data1\" content=\"4 minuts\" \/>\n<script type=\"application\/ld+json\" class=\"yoast-schema-graph\">{\"@context\":\"https:\/\/schema.org\",\"@graph\":[{\"@type\":\"WebPage\",\"@id\":\"https:\/\/i-veo.com\/privacy-policy\/\",\"url\":\"https:\/\/i-veo.com\/privacy-policy\/\",\"name\":\"Pol\u00edtica de privacitat - I-Veo\",\"isPartOf\":{\"@id\":\"https:\/\/i-veo.com\/it\/#website\"},\"datePublished\":\"2024-07-29T10:43:30+00:00\",\"dateModified\":\"2025-08-11T07:39:06+00:00\",\"breadcrumb\":{\"@id\":\"https:\/\/i-veo.com\/privacy-policy\/#breadcrumb\"},\"inLanguage\":\"ca\",\"potentialAction\":[{\"@type\":\"ReadAction\",\"target\":[\"https:\/\/i-veo.com\/privacy-policy\/\"]}]},{\"@type\":\"BreadcrumbList\",\"@id\":\"https:\/\/i-veo.com\/privacy-policy\/#breadcrumb\",\"itemListElement\":[{\"@type\":\"ListItem\",\"position\":1,\"name\":\"Home\",\"item\":\"https:\/\/i-veo.com\/\"},{\"@type\":\"ListItem\",\"position\":2,\"name\":\"Pol\u00edtica de privacitat\"}]},{\"@type\":\"WebSite\",\"@id\":\"https:\/\/i-veo.com\/it\/#website\",\"url\":\"https:\/\/i-veo.com\/it\/\",\"name\":\"I-Veo\",\"description\":\"\u00c0gora ideal PRE\",\"publisher\":{\"@id\":\"https:\/\/i-veo.com\/it\/#organization\"},\"potentialAction\":[{\"@type\":\"SearchAction\",\"target\":{\"@type\":\"EntryPoint\",\"urlTemplate\":\"https:\/\/i-veo.com\/it\/?s={search_term_string}\"},\"query-input\":{\"@type\":\"PropertyValueSpecification\",\"valueRequired\":true,\"valueName\":\"search_term_string\"}}],\"inLanguage\":\"ca\"},{\"@type\":\"Organization\",\"@id\":\"https:\/\/i-veo.com\/it\/#organization\",\"name\":\"I-Veo\",\"url\":\"https:\/\/i-veo.com\/it\/\",\"logo\":{\"@type\":\"ImageObject\",\"inLanguage\":\"ca\",\"@id\":\"https:\/\/i-veo.com\/it\/#\/schema\/logo\/image\/\",\"url\":\"https:\/\/i-veo.com\/wp-content\/uploads\/2024\/09\/logo-i-veo.svg\",\"contentUrl\":\"https:\/\/i-veo.com\/wp-content\/uploads\/2024\/09\/logo-i-veo.svg\",\"width\":1092,\"height\":394,\"caption\":\"I-Veo\"},\"image\":{\"@id\":\"https:\/\/i-veo.com\/it\/#\/schema\/logo\/image\/\"}}]}<\/script>\n<!-- \/ Yoast SEO plugin. -->","yoast_head_json":{"title":"Pol\u00edtica de privacitat - I-Veo","robots":{"index":"index","follow":"follow","max-snippet":"max-snippet:-1","max-image-preview":"max-image-preview:large","max-video-preview":"max-video-preview:-1"},"canonical":"https:\/\/i-veo.com\/privacy-policy\/","og_locale":"ca_ES","og_type":"article","og_title":"Pol\u00edtica de privacitat - I-Veo","og_description":"Pol\u00edtica de privacitat Inici Pol\u00edtica de privacitat INFORMACI\u00d3 DE L&#8217;USUARI Qui \u00e9s el responsable del tractament de les vostres dades personals? I-VEO SYNERGY SC \u00e9s el RESPONSABLE del tractament de les dades personals de l&#8217;USUARI. Aquestes dades seran tractades de conformitat amb el que estableix el Reglament (UE) 2016\/679 de 27 d&#8217;abril (RGPD) i la [&hellip;]","og_url":"https:\/\/i-veo.com\/privacy-policy\/","og_site_name":"I-Veo","article_modified_time":"2025-08-11T07:39:06+00:00","twitter_card":"summary_large_image","twitter_misc":{"Temps estimat de lectura":"4 minuts"},"schema":{"@context":"https:\/\/schema.org","@graph":[{"@type":"WebPage","@id":"https:\/\/i-veo.com\/privacy-policy\/","url":"https:\/\/i-veo.com\/privacy-policy\/","name":"Pol\u00edtica de privacitat - I-Veo","isPartOf":{"@id":"https:\/\/i-veo.com\/it\/#website"},"datePublished":"2024-07-29T10:43:30+00:00","dateModified":"2025-08-11T07:39:06+00:00","breadcrumb":{"@id":"https:\/\/i-veo.com\/privacy-policy\/#breadcrumb"},"inLanguage":"ca","potentialAction":[{"@type":"ReadAction","target":["https:\/\/i-veo.com\/privacy-policy\/"]}]},{"@type":"BreadcrumbList","@id":"https:\/\/i-veo.com\/privacy-policy\/#breadcrumb","itemListElement":[{"@type":"ListItem","position":1,"name":"Home","item":"https:\/\/i-veo.com\/"},{"@type":"ListItem","position":2,"name":"Pol\u00edtica de privacitat"}]},{"@type":"WebSite","@id":"https:\/\/i-veo.com\/it\/#website","url":"https:\/\/i-veo.com\/it\/","name":"I-Veo","description":"\u00c0gora ideal PRE","publisher":{"@id":"https:\/\/i-veo.com\/it\/#organization"},"potentialAction":[{"@type":"SearchAction","target":{"@type":"EntryPoint","urlTemplate":"https:\/\/i-veo.com\/it\/?s={search_term_string}"},"query-input":{"@type":"PropertyValueSpecification","valueRequired":true,"valueName":"search_term_string"}}],"inLanguage":"ca"},{"@type":"Organization","@id":"https:\/\/i-veo.com\/it\/#organization","name":"I-Veo","url":"https:\/\/i-veo.com\/it\/","logo":{"@type":"ImageObject","inLanguage":"ca","@id":"https:\/\/i-veo.com\/it\/#\/schema\/logo\/image\/","url":"https:\/\/i-veo.com\/wp-content\/uploads\/2024\/09\/logo-i-veo.svg","contentUrl":"https:\/\/i-veo.com\/wp-content\/uploads\/2024\/09\/logo-i-veo.svg","width":1092,"height":394,"caption":"I-Veo"},"image":{"@id":"https:\/\/i-veo.com\/it\/#\/schema\/logo\/image\/"}}]}},"_links":{"self":[{"href":"https:\/\/i-veo.com\/ca\/wp-json\/wp\/v2\/pages\/1883","targetHints":{"allow":["GET"]}}],"collection":[{"href":"https:\/\/i-veo.com\/ca\/wp-json\/wp\/v2\/pages"}],"about":[{"href":"https:\/\/i-veo.com\/ca\/wp-json\/wp\/v2\/types\/page"}],"author":[{"embeddable":true,"href":"https:\/\/i-veo.com\/ca\/wp-json\/wp\/v2\/users\/1"}],"replies":[{"embeddable":true,"href":"https:\/\/i-veo.com\/ca\/wp-json\/wp\/v2\/comments?post=1883"}],"version-history":[{"count":3,"href":"https:\/\/i-veo.com\/ca\/wp-json\/wp\/v2\/pages\/1883\/revisions"}],"predecessor-version":[{"id":1892,"href":"https:\/\/i-veo.com\/ca\/wp-json\/wp\/v2\/pages\/1883\/revisions\/1892"}],"wp:attachment":[{"href":"https:\/\/i-veo.com\/ca\/wp-json\/wp\/v2\/media?parent=1883"}],"curies":[{"name":"wp","href":"https:\/\/api.w.org\/{rel}","templated":true}]}}